{"id":912,"date":"2024-08-19T16:44:37","date_gmt":"2024-08-19T15:44:37","guid":{"rendered":"https:\/\/vassaloindustria.pt\/wp_mag\/?page_id=912"},"modified":"2026-02-22T19:08:02","modified_gmt":"2026-02-22T19:08:02","slug":"monta-autos","status":"publish","type":"page","link":"https:\/\/vassaloindustria.pt\/en\/monta-autos\/","title":{"rendered":"Monta Autos"},"content":{"rendered":"<div data-elementor-type=\"wp-page\" data-elementor-id=\"912\" class=\"elementor elementor-912\">\n\t\t\t\t<div class=\"elementor-element elementor-element-11309ec e-flex e-con-boxed e-con e-parent\" data-id=\"11309ec\" data-element_type=\"container\" data-e-type=\"container\">\n\t\t\t\t\t<div class=\"e-con-inner\">\n\t\t\t\t<div class=\"elementor-element elementor-element-48a0f02 elementor-widget elementor-widget-spacer\" data-id=\"48a0f02\" data-element_type=\"widget\" data-e-type=\"widget\" data-widget_type=\"spacer.default\">\n\t\t\t\t<div class=\"elementor-widget-container\">\n\t\t\t\t\t\t\t<div class=\"elementor-spacer\">\n\t\t\t<div class=\"elementor-spacer-inner\"><\/div>\n\t\t<\/div>\n\t\t\t\t\t\t<\/div>\n\t\t\t\t<\/div>\n\t\t\t\t\t<\/div>\n\t\t\t\t<\/div>\n\t\t<div class=\"elementor-element elementor-element-ab7eee4 e-flex e-con-boxed e-con e-parent\" data-id=\"ab7eee4\" data-element_type=\"container\" data-e-type=\"container\">\n\t\t\t\t\t<div class=\"e-con-inner\">\n\t\t\t\t<div class=\"elementor-element elementor-element-5ee63a5 elementor-widget elementor-widget-heading\" data-id=\"5ee63a5\" data-element_type=\"widget\" data-e-type=\"widget\" data-widget_type=\"heading.default\">\n\t\t\t\t<div class=\"elementor-widget-container\">\n\t\t\t\t\t<h3 class=\"elementor-heading-title elementor-size-default\">Car Platform<\/h3>\t\t\t\t<\/div>\n\t\t\t\t<\/div>\n\t\t\t\t\t<\/div>\n\t\t\t\t<\/div>\n\t\t<div class=\"elementor-element elementor-element-52233259 e-flex e-con-boxed e-con e-parent\" data-id=\"52233259\" data-element_type=\"container\" data-e-type=\"container\">\n\t\t\t\t\t<div class=\"e-con-inner\">\n\t\t<div class=\"elementor-element elementor-element-2cd38a1f e-con-full e-flex e-con e-child\" data-id=\"2cd38a1f\" data-element_type=\"container\" data-e-type=\"container\">\n\t\t\t\t<div class=\"elementor-element elementor-element-0170a91 elementor-widget elementor-widget-image-carousel\" data-id=\"0170a91\" data-element_type=\"widget\" data-e-type=\"widget\" data-settings=\"{&quot;slides_to_show&quot;:&quot;1&quot;,&quot;navigation&quot;:&quot;none&quot;,&quot;autoplay&quot;:&quot;yes&quot;,&quot;autoplay_speed&quot;:5000,&quot;infinite&quot;:&quot;yes&quot;,&quot;effect&quot;:&quot;slide&quot;,&quot;speed&quot;:500}\" data-widget_type=\"image-carousel.default\">\n\t\t\t\t<div class=\"elementor-widget-container\">\n\t\t\t\t\t\t\t<div class=\"elementor-image-carousel-wrapper swiper\" role=\"region\" aria-roledescription=\"carousel\" aria-label=\"Carrossel de imagens\" dir=\"ltr\">\n\t\t\t<div class=\"elementor-image-carousel swiper-wrapper\" aria-live=\"off\">\n\t\t\t\t\t\t\t\t<div class=\"swiper-slide\" role=\"group\" aria-roledescription=\"slide\" aria-label=\"1 of 2\" data-no-translation-aria-label=\"\"><figure class=\"swiper-slide-inner\"><img decoding=\"async\" class=\"swiper-slide-image\" src=\"https:\/\/vassaloindustria.pt\/wp_mag\/wp-content\/uploads\/2024\/08\/monta-autos-vassalo-industria1.jpg\" alt=\"monta-autos vassalo ind\u00fastria\" \/><\/figure><\/div><div class=\"swiper-slide\" role=\"group\" aria-roledescription=\"slide\" aria-label=\"2 of 2\" data-no-translation-aria-label=\"\"><figure class=\"swiper-slide-inner\"><img decoding=\"async\" class=\"swiper-slide-image\" src=\"https:\/\/vassaloindustria.pt\/wp_mag\/wp-content\/uploads\/2024\/08\/monta-autos-vassalo-industria2.jpg\" alt=\"monta-autos vassalo ind\u00fastria\" \/><\/figure><\/div>\t\t\t<\/div>\n\t\t\t\t\t\t\t\n\t\t\t\t\t\t\t\t\t<\/div>\n\t\t\t\t\t\t<\/div>\n\t\t\t\t<\/div>\n\t\t\t\t<div class=\"elementor-element elementor-element-712228e6 elementor-widget elementor-widget-text-editor\" data-id=\"712228e6\" data-element_type=\"widget\" data-e-type=\"widget\" data-widget_type=\"text-editor.default\">\n\t\t\t\t<div class=\"elementor-widget-container\">\n\t\t\t\t\t\t\t\t\t<p>Monta-Autos are elevators that allow vehicles to move vertically in confined spaces. They aim to make maximum use of the space available on site, namely residential or business garages.<\/p>\t\t\t\t\t\t\t\t<\/div>\n\t\t\t\t<\/div>\n\t\t\t\t<div class=\"elementor-element elementor-element-58f493e0 elementor-widget elementor-widget-text-editor\" data-id=\"58f493e0\" data-element_type=\"widget\" data-e-type=\"widget\" data-widget_type=\"text-editor.default\">\n\t\t\t\t<div class=\"elementor-widget-container\">\n\t\t\t\t\t\t\t\t\t<p>With simple, fast and efficient operation, they are the best option in various commercial and domestic contexts: public parks, commercial buildings and car workshops. These Car Mounts make car circulation more fluid and can eliminate the use of access ramps, which are sometimes very difficult to implement on the ground.<\/p>\t\t\t\t\t\t\t\t<\/div>\n\t\t\t\t<\/div>\n\t\t\t\t<div class=\"elementor-element elementor-element-e929062 elementor-widget elementor-widget-image\" data-id=\"e929062\" data-element_type=\"widget\" data-e-type=\"widget\" data-widget_type=\"image.default\">\n\t\t\t\t<div class=\"elementor-widget-container\">\n\t\t\t\t\t\t\t\t\t\t\t\t\t\t\t<img fetchpriority=\"high\" decoding=\"async\" width=\"542\" height=\"727\" src=\"https:\/\/vassaloindustria.pt\/wp_mag\/wp-content\/uploads\/2026\/02\/monta-autos-vassalo-industria-4.webp\" class=\"attachment-large size-large wp-image-1409\" alt=\"\" srcset=\"https:\/\/vassaloindustria.pt\/wp_mag\/wp-content\/uploads\/2026\/02\/monta-autos-vassalo-industria-4.webp 542w, https:\/\/vassaloindustria.pt\/wp_mag\/wp-content\/uploads\/2026\/02\/monta-autos-vassalo-industria-4-224x300.webp 224w, https:\/\/vassaloindustria.pt\/wp_mag\/wp-content\/uploads\/2026\/02\/monta-autos-vassalo-industria-4-9x12.webp 9w\" sizes=\"(max-width: 542px) 100vw, 542px\" \/>\t\t\t\t\t\t\t\t\t\t\t\t\t\t\t<\/div>\n\t\t\t\t<\/div>\n\t\t\t\t<\/div>\n\t\t\t\t\t<\/div>\n\t\t\t\t<\/div>\n\t\t<div class=\"elementor-element elementor-element-654e067 e-flex e-con-boxed e-con e-parent\" data-id=\"654e067\" data-element_type=\"container\" data-e-type=\"container\">\n\t\t\t\t\t<div class=\"e-con-inner\">\n\t\t\t\t<div class=\"elementor-element elementor-element-51e543e elementor-widget elementor-widget-spacer\" data-id=\"51e543e\" data-element_type=\"widget\" data-e-type=\"widget\" data-widget_type=\"spacer.default\">\n\t\t\t\t<div class=\"elementor-widget-container\">\n\t\t\t\t\t\t\t<div class=\"elementor-spacer\">\n\t\t\t<div class=\"elementor-spacer-inner\"><\/div>\n\t\t<\/div>\n\t\t\t\t\t\t<\/div>\n\t\t\t\t<\/div>\n\t\t\t\t\t<\/div>\n\t\t\t\t<\/div>\n\t\t<div class=\"elementor-element elementor-element-6fb6a5ed e-flex e-con-boxed e-con e-parent\" data-id=\"6fb6a5ed\" data-element_type=\"container\" data-e-type=\"container\">\n\t\t\t\t\t<div class=\"e-con-inner\">\n\t\t\t\t<div class=\"elementor-element elementor-element-2632cda9 elementor-widget elementor-widget-heading\" data-id=\"2632cda9\" data-element_type=\"widget\" data-e-type=\"widget\" data-widget_type=\"heading.default\">\n\t\t\t\t<div class=\"elementor-widget-container\">\n\t\t\t\t\t<h3 class=\"elementor-heading-title elementor-size-default\">Turntable<\/h3>\t\t\t\t<\/div>\n\t\t\t\t<\/div>\n\t\t\t\t\t<\/div>\n\t\t\t\t<\/div>\n\t\t<div class=\"elementor-element elementor-element-4c5f9a0d e-flex e-con-boxed e-con e-parent\" data-id=\"4c5f9a0d\" data-element_type=\"container\" data-e-type=\"container\">\n\t\t\t\t\t<div class=\"e-con-inner\">\n\t\t<div class=\"elementor-element elementor-element-1d84362c e-con-full e-flex e-con e-child\" data-id=\"1d84362c\" data-element_type=\"container\" data-e-type=\"container\">\n\t\t\t\t<div class=\"elementor-element elementor-element-452e2bff elementor-widget elementor-widget-image\" data-id=\"452e2bff\" data-element_type=\"widget\" data-e-type=\"widget\" data-widget_type=\"image.default\">\n\t\t\t\t<div class=\"elementor-widget-container\">\n\t\t\t\t\t\t\t\t\t\t\t\t\t\t\t<img decoding=\"async\" width=\"790\" height=\"591\" src=\"https:\/\/vassaloindustria.pt\/wp_mag\/wp-content\/uploads\/2024\/08\/plataforma-giratoria-vassalo-industria3.jpg\" class=\"attachment-large size-large wp-image-915\" alt=\"plataforma girat\u00f3ria vassalo ind\u00fastria\" srcset=\"https:\/\/vassaloindustria.pt\/wp_mag\/wp-content\/uploads\/2024\/08\/plataforma-giratoria-vassalo-industria3.jpg 790w, https:\/\/vassaloindustria.pt\/wp_mag\/wp-content\/uploads\/2024\/08\/plataforma-giratoria-vassalo-industria3-300x224.jpg 300w, https:\/\/vassaloindustria.pt\/wp_mag\/wp-content\/uploads\/2024\/08\/plataforma-giratoria-vassalo-industria3-768x575.jpg 768w, https:\/\/vassaloindustria.pt\/wp_mag\/wp-content\/uploads\/2024\/08\/plataforma-giratoria-vassalo-industria3-16x12.jpg 16w\" sizes=\"(max-width: 790px) 100vw, 790px\" \/>\t\t\t\t\t\t\t\t\t\t\t\t\t\t\t<\/div>\n\t\t\t\t<\/div>\n\t\t\t\t<div class=\"elementor-element elementor-element-72b20748 elementor-widget elementor-widget-text-editor\" data-id=\"72b20748\" data-element_type=\"widget\" data-e-type=\"widget\" data-widget_type=\"text-editor.default\">\n\t\t\t\t<div class=\"elementor-widget-container\">\n\t\t\t\t\t\t\t\t\tA <strong>Turntable<\/strong> is a type of platform that can be used when the available space is reduced, for example, to help with parking a vehicle. It can also be used to position an object on a stage or provide greater visibility for a car in a booth.\t\t\t\t\t\t\t\t<\/div>\n\t\t\t\t<\/div>\n\t\t\t\t<\/div>\n\t\t\t\t\t<\/div>\n\t\t\t\t<\/div>\n\t\t\t\t<\/div>","protected":false},"excerpt":{"rendered":"<p>Monta-Autos Os Monta-Autos s\u00e3o elevadores que permitem a desloca\u00e7\u00e3o na vertical de ve\u00edculos em espa\u00e7os reduzidos. Visam o m\u00e1ximo aproveitamento do espa\u00e7o dispon\u00edvel no local, nomeadamente garagens residenciais ou empresariais.&hellip;<\/p>","protected":false},"author":1,"featured_media":0,"parent":0,"menu_order":3,"comment_status":"closed","ping_status":"closed","template":"","meta":{"footnotes":""},"class_list":["post-912","page","type-page","status-publish","hentry"],"aioseo_notices":[],"rttpg_featured_image_url":null,"rttpg_author":{"display_name":"paulo quintino","author_link":"https:\/\/vassaloindustria.pt\/en\/author\/paulo-quintino\/"},"rttpg_comment":0,"rttpg_category":null,"rttpg_excerpt":"Monta-Autos Os Monta-Autos s\u00e3o elevadores que permitem a desloca\u00e7\u00e3o na vertical de ve\u00edculos em espa\u00e7os reduzidos. Visam o m\u00e1ximo aproveitamento do espa\u00e7o dispon\u00edvel no local, nomeadamente garagens residenciais ou empresariais.&hellip;","_links":{"self":[{"href":"https:\/\/vassaloindustria.pt\/en\/wp-json\/wp\/v2\/pages\/912","targetHints":{"allow":["GET"]}}],"collection":[{"href":"https:\/\/vassaloindustria.pt\/en\/wp-json\/wp\/v2\/pages"}],"about":[{"href":"https:\/\/vassaloindustria.pt\/en\/wp-json\/wp\/v2\/types\/page"}],"author":[{"embeddable":true,"href":"https:\/\/vassaloindustria.pt\/en\/wp-json\/wp\/v2\/users\/1"}],"replies":[{"embeddable":true,"href":"https:\/\/vassaloindustria.pt\/en\/wp-json\/wp\/v2\/comments?post=912"}],"version-history":[{"count":25,"href":"https:\/\/vassaloindustria.pt\/en\/wp-json\/wp\/v2\/pages\/912\/revisions"}],"predecessor-version":[{"id":1412,"href":"https:\/\/vassaloindustria.pt\/en\/wp-json\/wp\/v2\/pages\/912\/revisions\/1412"}],"wp:attachment":[{"href":"https:\/\/vassaloindustria.pt\/en\/wp-json\/wp\/v2\/media?parent=912"}],"curies":[{"name":"wp","href":"https:\/\/api.w.org\/{rel}","templated":true}]}}