{"id":89,"date":"2024-07-12T15:04:22","date_gmt":"2024-07-12T14:04:22","guid":{"rendered":"https:\/\/vassaloindustria.pt\/wp_mag\/?page_id=89"},"modified":"2024-07-12T15:07:15","modified_gmt":"2024-07-12T14:07:15","slug":"politica-de-cookies","status":"publish","type":"page","link":"https:\/\/vassaloindustria.pt\/en\/politica-de-cookies\/","title":{"rendered":"Cookies Policy"},"content":{"rendered":"<div data-elementor-type=\"wp-page\" data-elementor-id=\"89\" class=\"elementor elementor-89\">\n\t\t\t\t<div class=\"elementor-element elementor-element-e75f8a8 e-flex e-con-boxed e-con e-parent\" data-id=\"e75f8a8\" data-element_type=\"container\" data-e-type=\"container\">\n\t\t\t\t\t<div class=\"e-con-inner\">\n\t\t\t\t<div class=\"elementor-element elementor-element-4ec3e85 elementor-widget elementor-widget-text-editor\" data-id=\"4ec3e85\" data-element_type=\"widget\" data-e-type=\"widget\" data-widget_type=\"text-editor.default\">\n\t\t\t\t<div class=\"elementor-widget-container\">\n\t\t\t\t\t\t\t\t\t<p><strong>O que s\u00e3o cookies e como funcionam?<\/strong><\/p><p>Os cookies s\u00e3o pequenos ficheiros de texto enviados para o seu computador ou dispositivo m\u00f3vel, atrav\u00e9s do seu navegador de internet (browser), que os armazena numa pasta de ficheiros. Cada cookie armazenado \u00e9 \u00fanico, e cont\u00e9m informa\u00e7\u00e3o an\u00f3nima constitu\u00edda por um identificador, nome da p\u00e1gina web e um c\u00f3digo alfa num\u00e9rico.<\/p><p>Os cookies recolhem informa\u00e7\u00f5es gen\u00e9ricas relacionadas com as prefer\u00eancias dos utilizadores por exemplo, a forma como utilizam a p\u00e1gina do vassaloindustria.pt ou a zona do pa\u00eds de onde o fazem, etc., permitindo ao sistema recordar caracter\u00edsticas ou prefer\u00eancias de navega\u00e7\u00e3o de anteriores sess\u00f5es. Sempre que voltar a visitar a nossa p\u00e1gina web, o seu navegador l\u00ea o cookie e reencaminha as informa\u00e7\u00f5es novamente para n\u00f3s.<\/p><p>Estes cookies n\u00e3o s\u00e3o invasivos nem nocivos, e n\u00e3o cont\u00eam informa\u00e7\u00f5es de car\u00e1cter pessoal.<\/p><p>Se o seu navegador de internet estiver definido para aceitar cookies, quando visita a p\u00e1gina web do vassaloindustria.pt, consideramos que est\u00e1 a aceitar a nossa politica de cookies.<\/p><p><strong>Por que usamos cookies?<\/strong><\/p><p>O vassaloindustria.pt utiliza cookies para proporcionar ao utilizador uma experi\u00eancia mais agrad\u00e1vel.<\/p><p><strong>Os cookies possuem diferentes fun\u00e7\u00f5es:<\/strong><\/p><p><strong>Fun\u00e7\u00f5es b\u00e1sicas<\/strong><br \/>Estes cookies s\u00e3o essenciais para a execu\u00e7\u00e3o da nossa p\u00e1gina web e s\u00e3o fundamentais para lhe proporcionar uma experi\u00eancia sem falhas pois permitem navegar sem interrup\u00e7\u00f5es. Possibilitam tamb\u00e9m a utiliza\u00e7\u00e3o das nossas funcionalidades ou aplica\u00e7\u00f5es b\u00e1sicas, como por exemplo, o acesso a \u00e1reas da p\u00e1gina atrav\u00e9s de login com uma autentica\u00e7\u00e3o segura.<\/p><p><strong>Melhoramento<\/strong><br \/>Estes cookies permitem-nos monitorar a performance da nossa p\u00e1gina web analisando a forma como os utilizadores a usam.<br \/>O vassaloindustria.pt pode rapidamente identificar e corrigir qualquer problema, fornecendo de forma continua uma experi\u00eancia de alta qualidade e com uma oferta sempre personalizada.<\/p><p>Estes cookies nunca recolhem informa\u00e7\u00e3o de car\u00e1ter pessoal uma vez que s\u00e3o utilizados apenas para efeitos de an\u00e1lise estat\u00edstica.<\/p><p><strong>Personaliza\u00e7\u00e3o<\/strong><br \/>Estes cookies ajudam a tornar nosso conte\u00fado o mais personalizado e atraente poss\u00edvel para o utilizador.<br \/>Baseada na sua utiliza\u00e7\u00e3o da nossa p\u00e1gina, o vassaloindustria.pt utiliza estes cookies para identificar as suas prefer\u00eancias e destacar artigos ou servi\u00e7os que pensamos ser do seu interesse.<\/p><p><strong>Segmenta\u00e7\u00e3o<\/strong><br \/>Os cookies de segmenta\u00e7\u00e3o destinam-se a permitir ao utilizador que partilhe as prefer\u00eancias nas redes sociais, como o Facebook. Permitem tamb\u00e9m enviar informa\u00e7\u00e3o a outras p\u00e1ginas web para personalizar a publicidade que \u00e9 visualizada.<\/p><p><strong>Como posso gerir os cookies?<\/strong><\/p><p>A qualquer momento o utilizador pode, atrav\u00e9s do seu navegador, optar por receber notifica\u00e7\u00f5es sobre a rece\u00e7\u00e3o de cookies, e restringir, ou at\u00e9 bloquear, a respetiva entrada destes no seu sistema.<\/p><p>A maior parte das \u00e1reas da nossa p\u00e1gina web funcionam sem cookies, no entanto, a sua restri\u00e7\u00e3o ou bloqueio, pode originar dificuldades de acesso a algumas das nossas funcionalidades ou na rece\u00e7\u00e3o de informa\u00e7\u00e3o personalizada.<\/p><p>Se eliminar os cookies do seu navegador, poder\u00e1 ser necess\u00e1rio ter de instalar novamente os cookies recusados.<\/p><p>Se tiver dificuldades, consulte o menu de ajuda do seu navegador e saber\u00e1 como proceder.<\/p><p>Para saber mais sobre estas tecnologias e sobre como funcionam, consulte por exemplo <span style=\"color: #ff6600;\">allaboutcookies.org<\/span><\/p>\t\t\t\t\t\t\t\t<\/div>\n\t\t\t\t<\/div>\n\t\t\t\t\t<\/div>\n\t\t\t\t<\/div>\n\t\t\t\t<\/div>","protected":false},"excerpt":{"rendered":"<p>O que s\u00e3o cookies e como funcionam? Os cookies s\u00e3o pequenos ficheiros de texto enviados para o seu computador ou dispositivo m\u00f3vel, atrav\u00e9s do seu navegador de internet (browser), que&hellip;<\/p>","protected":false},"author":1,"featured_media":0,"parent":0,"menu_order":11,"comment_status":"closed","ping_status":"closed","template":"elementor_header_footer","meta":{"footnotes":""},"class_list":["post-89","page","type-page","status-publish","hentry"],"aioseo_notices":[],"rttpg_featured_image_url":null,"rttpg_author":{"display_name":"paulo quintino","author_link":"https:\/\/vassaloindustria.pt\/en\/author\/paulo-quintino\/"},"rttpg_comment":0,"rttpg_category":null,"rttpg_excerpt":"O que s\u00e3o cookies e como funcionam? Os cookies s\u00e3o pequenos ficheiros de texto enviados para o seu computador ou dispositivo m\u00f3vel, atrav\u00e9s do seu navegador de internet (browser), que&hellip;","_links":{"self":[{"href":"https:\/\/vassaloindustria.pt\/en\/wp-json\/wp\/v2\/pages\/89","targetHints":{"allow":["GET"]}}],"collection":[{"href":"https:\/\/vassaloindustria.pt\/en\/wp-json\/wp\/v2\/pages"}],"about":[{"href":"https:\/\/vassaloindustria.pt\/en\/wp-json\/wp\/v2\/types\/page"}],"author":[{"embeddable":true,"href":"https:\/\/vassaloindustria.pt\/en\/wp-json\/wp\/v2\/users\/1"}],"replies":[{"embeddable":true,"href":"https:\/\/vassaloindustria.pt\/en\/wp-json\/wp\/v2\/comments?post=89"}],"version-history":[{"count":7,"href":"https:\/\/vassaloindustria.pt\/en\/wp-json\/wp\/v2\/pages\/89\/revisions"}],"predecessor-version":[{"id":96,"href":"https:\/\/vassaloindustria.pt\/en\/wp-json\/wp\/v2\/pages\/89\/revisions\/96"}],"wp:attachment":[{"href":"https:\/\/vassaloindustria.pt\/en\/wp-json\/wp\/v2\/media?parent=89"}],"curies":[{"name":"wp","href":"https:\/\/api.w.org\/{rel}","templated":true}]}}