{"id":59,"date":"2024-07-12T00:46:02","date_gmt":"2024-07-11T23:46:02","guid":{"rendered":"https:\/\/vassaloindustria.pt\/wp_mag\/?page_id=59"},"modified":"2026-02-14T17:30:51","modified_gmt":"2026-02-14T17:30:51","slug":"niveladores","status":"publish","type":"page","link":"https:\/\/vassaloindustria.pt\/en\/niveladores\/","title":{"rendered":"Levelers"},"content":{"rendered":"<div data-elementor-type=\"wp-page\" data-elementor-id=\"59\" class=\"elementor elementor-59\">\n\t\t\t\t<div class=\"elementor-element elementor-element-e7643df e-flex e-con-boxed e-con e-parent\" data-id=\"e7643df\" data-element_type=\"container\" data-e-type=\"container\">\n\t\t\t\t\t<div class=\"e-con-inner\">\n\t\t\t\t<div class=\"elementor-element elementor-element-33f5685 elementor-widget elementor-widget-spacer\" data-id=\"33f5685\" data-element_type=\"widget\" data-e-type=\"widget\" data-widget_type=\"spacer.default\">\n\t\t\t\t<div class=\"elementor-widget-container\">\n\t\t\t\t\t\t\t<div class=\"elementor-spacer\">\n\t\t\t<div class=\"elementor-spacer-inner\"><\/div>\n\t\t<\/div>\n\t\t\t\t\t\t<\/div>\n\t\t\t\t<\/div>\n\t\t\t\t\t<\/div>\n\t\t\t\t<\/div>\n\t\t<div class=\"elementor-element elementor-element-e438673 e-flex e-con-boxed e-con e-parent\" data-id=\"e438673\" data-element_type=\"container\" data-e-type=\"container\">\n\t\t\t\t\t<div class=\"e-con-inner\">\n\t\t\t\t<div class=\"elementor-element elementor-element-867ba6e elementor-widget elementor-widget-heading\" data-id=\"867ba6e\" data-element_type=\"widget\" data-e-type=\"widget\" data-widget_type=\"heading.default\">\n\t\t\t\t<div class=\"elementor-widget-container\">\n\t\t\t\t\t<h3 class=\"elementor-heading-title elementor-size-default\">Pier Levelers are a type of equipment, essential for transport logistics.<\/h3>\t\t\t\t<\/div>\n\t\t\t\t<\/div>\n\t\t\t\t\t<\/div>\n\t\t\t\t<\/div>\n\t\t<div class=\"elementor-element elementor-element-a2de583 e-flex e-con-boxed e-con e-parent\" data-id=\"a2de583\" data-element_type=\"container\" data-e-type=\"container\">\n\t\t\t\t\t<div class=\"e-con-inner\">\n\t\t\t\t<div class=\"elementor-element elementor-element-d5fb8c8 elementor-widget elementor-widget-spacer\" data-id=\"d5fb8c8\" data-element_type=\"widget\" data-e-type=\"widget\" data-widget_type=\"spacer.default\">\n\t\t\t\t<div class=\"elementor-widget-container\">\n\t\t\t\t\t\t\t<div class=\"elementor-spacer\">\n\t\t\t<div class=\"elementor-spacer-inner\"><\/div>\n\t\t<\/div>\n\t\t\t\t\t\t<\/div>\n\t\t\t\t<\/div>\n\t\t\t\t\t<\/div>\n\t\t\t\t<\/div>\n\t\t<div class=\"elementor-element elementor-element-ddf93d1 e-flex e-con-boxed e-con e-parent\" data-id=\"ddf93d1\" data-element_type=\"container\" data-e-type=\"container\">\n\t\t\t\t\t<div class=\"e-con-inner\">\n\t\t<div class=\"elementor-element elementor-element-178dc03 e-con-full e-flex e-con e-child\" data-id=\"178dc03\" data-element_type=\"container\" data-e-type=\"container\">\n\t\t\t\t<div class=\"elementor-element elementor-element-c322b2b elementor-widget elementor-widget-image\" data-id=\"c322b2b\" data-element_type=\"widget\" data-e-type=\"widget\" data-widget_type=\"image.default\">\n\t\t\t\t<div class=\"elementor-widget-container\">\n\t\t\t\t\t\t\t\t\t\t\t\t\t\t\t<img fetchpriority=\"high\" decoding=\"async\" width=\"452\" height=\"534\" src=\"https:\/\/vassaloindustria.pt\/wp_mag\/wp-content\/uploads\/2024\/07\/nivelador-cais-1.jpg\" class=\"attachment-large size-large wp-image-389\" alt=\"nivelador cais vassalo ind\u00fastria\" srcset=\"https:\/\/vassaloindustria.pt\/wp_mag\/wp-content\/uploads\/2024\/07\/nivelador-cais-1.jpg 452w, https:\/\/vassaloindustria.pt\/wp_mag\/wp-content\/uploads\/2024\/07\/nivelador-cais-1-254x300.jpg 254w\" sizes=\"(max-width: 452px) 100vw, 452px\" \/>\t\t\t\t\t\t\t\t\t\t\t\t\t\t\t<\/div>\n\t\t\t\t<\/div>\n\t\t\t\t<\/div>\n\t\t<div class=\"elementor-element elementor-element-cd3f39d e-con-full e-flex e-con e-child\" data-id=\"cd3f39d\" data-element_type=\"container\" data-e-type=\"container\">\n\t\t\t\t<div class=\"elementor-element elementor-element-c2bfe6a elementor-widget elementor-widget-text-editor\" data-id=\"c2bfe6a\" data-element_type=\"widget\" data-e-type=\"widget\" data-widget_type=\"text-editor.default\">\n\t\t\t\t<div class=\"elementor-widget-container\">\n\t\t\t\t\t\t\t\t\t<p>The <strong>Dock Leveler<\/strong> The Dock Leveler is a robust and practical type of equipment, essential for transportation logistics. This leveling ramp's function is to bridge the gap between the truck and the dock while compensating for the height difference between the dock and the loading surface.<\/p>\t\t\t\t\t\t\t\t<\/div>\n\t\t\t\t<\/div>\n\t\t\t\t<div class=\"elementor-element elementor-element-6251d3c elementor-widget elementor-widget-text-editor\" data-id=\"6251d3c\" data-element_type=\"widget\" data-e-type=\"widget\" data-widget_type=\"text-editor.default\">\n\t\t\t\t<div class=\"elementor-widget-container\">\n\t\t\t\t\t\t\t\t\t<strong>Construction<\/strong>\nThe ramp and lip are made of non-slip relief steel plate (teardrop plate or olive leaf). The ramp plate is 6\/8 mm thick and the lip is 12\/14 mm thick.The ramp consists of 10 standard UPN 100 profiles welded longitudinally.The new leveler hinges are made of 25 mm diameter steel rod. Its open construction prevents dirt from accumulating, considerably improving its operation.The load capacity is normally 9,000 kg of static load and 6,000 kg of dynamic load, in accordance with the EN 1398 standard.\t\t\t\t\t\t\t\t<\/div>\n\t\t\t\t<\/div>\n\t\t\t\t<\/div>\n\t\t\t\t\t<\/div>\n\t\t\t\t<\/div>\n\t\t<div class=\"elementor-element elementor-element-e7e3c13 e-flex e-con-boxed e-con e-parent\" data-id=\"e7e3c13\" data-element_type=\"container\" data-e-type=\"container\">\n\t\t\t\t\t<div class=\"e-con-inner\">\n\t\t<div class=\"elementor-element elementor-element-08dcc95 e-con-full e-flex e-con e-child\" data-id=\"08dcc95\" data-element_type=\"container\" data-e-type=\"container\">\n\t\t\t\t<div class=\"elementor-element elementor-element-71ed2ca elementor-widget elementor-widget-image\" data-id=\"71ed2ca\" data-element_type=\"widget\" data-e-type=\"widget\" data-widget_type=\"image.default\">\n\t\t\t\t<div class=\"elementor-widget-container\">\n\t\t\t\t\t\t\t\t\t\t\t\t\t\t\t<img decoding=\"async\" width=\"452\" height=\"534\" src=\"https:\/\/vassaloindustria.pt\/wp_mag\/wp-content\/uploads\/2024\/07\/nivelador-cais-2.jpg\" class=\"attachment-large size-large wp-image-388\" alt=\"nivelador cais vassalo ind\u00fastria\" srcset=\"https:\/\/vassaloindustria.pt\/wp_mag\/wp-content\/uploads\/2024\/07\/nivelador-cais-2.jpg 452w, https:\/\/vassaloindustria.pt\/wp_mag\/wp-content\/uploads\/2024\/07\/nivelador-cais-2-254x300.jpg 254w\" sizes=\"(max-width: 452px) 100vw, 452px\" \/>\t\t\t\t\t\t\t\t\t\t\t\t\t\t\t<\/div>\n\t\t\t\t<\/div>\n\t\t\t\t<\/div>\n\t\t<div class=\"elementor-element elementor-element-b53a379 e-con-full e-flex e-con e-child\" data-id=\"b53a379\" data-element_type=\"container\" data-e-type=\"container\">\n\t\t\t\t<div class=\"elementor-element elementor-element-ed51f63 elementor-widget elementor-widget-text-editor\" data-id=\"ed51f63\" data-element_type=\"widget\" data-e-type=\"widget\" data-widget_type=\"text-editor.default\">\n\t\t\t\t<div class=\"elementor-widget-container\">\n\t\t\t\t\t\t\t\t\t<p>The <strong>Dock Leveler<\/strong> is fixed in a pit made on the pier with\ndimensionsstandardized and using standard profiles. With this\nautomatic hydraulic leveler that combines solidity and\nmaneuverability, your company's loading and unloading will be\ndispatched in no time.<\/p>\t\t\t\t\t\t\t\t<\/div>\n\t\t\t\t<\/div>\n\t\t\t\t<div class=\"elementor-element elementor-element-96ffcc0 elementor-widget elementor-widget-text-editor\" data-id=\"96ffcc0\" data-element_type=\"widget\" data-e-type=\"widget\" data-widget_type=\"text-editor.default\">\n\t\t\t\t<div class=\"elementor-widget-container\">\n\t\t\t\t\t\t\t\t\t<p><strong>Security<\/strong><br \/>The frontal protection in rubber stops prevents damage to both the leveler and the truck and for lateral protection they have side boards that prevent the accidental insertion of the workers' feet. For maintenance purposes, the leveler has a safety trigger for a vertical rest position.<\/p>\t\t\t\t\t\t\t\t<\/div>\n\t\t\t\t<\/div>\n\t\t\t\t<\/div>\n\t\t\t\t\t<\/div>\n\t\t\t\t<\/div>\n\t\t<div class=\"elementor-element elementor-element-be8d5e1 e-flex e-con-boxed e-con e-parent\" data-id=\"be8d5e1\" data-element_type=\"container\" data-e-type=\"container\">\n\t\t\t\t\t<div class=\"e-con-inner\">\n\t\t<div class=\"elementor-element elementor-element-9fc9da4 e-con-full e-flex e-con e-child\" data-id=\"9fc9da4\" data-element_type=\"container\" data-e-type=\"container\">\n\t\t\t\t<div class=\"elementor-element elementor-element-1112d62 elementor-widget elementor-widget-image\" data-id=\"1112d62\" data-element_type=\"widget\" data-e-type=\"widget\" data-widget_type=\"image.default\">\n\t\t\t\t<div class=\"elementor-widget-container\">\n\t\t\t\t\t\t\t\t\t\t\t\t\t\t\t<img decoding=\"async\" width=\"452\" height=\"534\" src=\"https:\/\/vassaloindustria.pt\/wp_mag\/wp-content\/uploads\/2024\/07\/nivelador-cais-3.jpg\" class=\"attachment-large size-large wp-image-418\" alt=\"nivelador cais vassalo ind\u00fastria\" srcset=\"https:\/\/vassaloindustria.pt\/wp_mag\/wp-content\/uploads\/2024\/07\/nivelador-cais-3.jpg 452w, https:\/\/vassaloindustria.pt\/wp_mag\/wp-content\/uploads\/2024\/07\/nivelador-cais-3-254x300.jpg 254w\" sizes=\"(max-width: 452px) 100vw, 452px\" \/>\t\t\t\t\t\t\t\t\t\t\t\t\t\t\t<\/div>\n\t\t\t\t<\/div>\n\t\t\t\t<\/div>\n\t\t<div class=\"elementor-element elementor-element-27d2f11 e-con-full e-flex e-con e-child\" data-id=\"27d2f11\" data-element_type=\"container\" data-e-type=\"container\">\n\t\t\t\t<div class=\"elementor-element elementor-element-c2f6206 elementor-widget elementor-widget-text-editor\" data-id=\"c2f6206\" data-element_type=\"widget\" data-e-type=\"widget\" data-widget_type=\"text-editor.default\">\n\t\t\t\t<div class=\"elementor-widget-container\">\n\t\t\t\t\t\t\t\t\t<p><strong>Dock Shelter<\/strong><br \/>Shelters protect heated indoor environments<br \/>from external cold, those cooled by external heat and environmental situations, such as: rain, wind, snow, dust. They are designed to resist fitting into vehicles and adjust to different truck measurements.<\/p>\t\t\t\t\t\t\t\t<\/div>\n\t\t\t\t<\/div>\n\t\t\t\t<div class=\"elementor-element elementor-element-37f0fc5 elementor-widget elementor-widget-text-editor\" data-id=\"37f0fc5\" data-element_type=\"widget\" data-e-type=\"widget\" data-widget_type=\"text-editor.default\">\n\t\t\t\t<div class=\"elementor-widget-container\">\n\t\t\t\t\t\t\t\t\t<p><strong>Accessories<\/strong><\/p><ul><li>Protective stops<\/li><li>Control board<\/li><li>Floor Guides<\/li><\/ul>\t\t\t\t\t\t\t\t<\/div>\n\t\t\t\t<\/div>\n\t\t\t\t<\/div>\n\t\t\t\t\t<\/div>\n\t\t\t\t<\/div>\n\t\t\t\t<\/div>","protected":false},"excerpt":{"rendered":"<p>Os Niveladores de Cais s\u00e3o um tipo de equipamento, imprescind\u00edvel para a log\u00edstica de transportes. O Nivelador de Cais \u00e9 um tipo de equipamento robusto e pr\u00e1tico, imprescind\u00edvel para a&hellip;<\/p>","protected":false},"author":1,"featured_media":0,"parent":0,"menu_order":4,"comment_status":"closed","ping_status":"closed","template":"","meta":{"footnotes":""},"class_list":["post-59","page","type-page","status-publish","hentry"],"aioseo_notices":[],"rttpg_featured_image_url":null,"rttpg_author":{"display_name":"paulo quintino","author_link":"https:\/\/vassaloindustria.pt\/en\/author\/paulo-quintino\/"},"rttpg_comment":0,"rttpg_category":null,"rttpg_excerpt":"Os Niveladores de Cais s\u00e3o um tipo de equipamento, imprescind\u00edvel para a log\u00edstica de transportes. O Nivelador de Cais \u00e9 um tipo de equipamento robusto e pr\u00e1tico, imprescind\u00edvel para a&hellip;","_links":{"self":[{"href":"https:\/\/vassaloindustria.pt\/en\/wp-json\/wp\/v2\/pages\/59","targetHints":{"allow":["GET"]}}],"collection":[{"href":"https:\/\/vassaloindustria.pt\/en\/wp-json\/wp\/v2\/pages"}],"about":[{"href":"https:\/\/vassaloindustria.pt\/en\/wp-json\/wp\/v2\/types\/page"}],"author":[{"embeddable":true,"href":"https:\/\/vassaloindustria.pt\/en\/wp-json\/wp\/v2\/users\/1"}],"replies":[{"embeddable":true,"href":"https:\/\/vassaloindustria.pt\/en\/wp-json\/wp\/v2\/comments?post=59"}],"version-history":[{"count":36,"href":"https:\/\/vassaloindustria.pt\/en\/wp-json\/wp\/v2\/pages\/59\/revisions"}],"predecessor-version":[{"id":1392,"href":"https:\/\/vassaloindustria.pt\/en\/wp-json\/wp\/v2\/pages\/59\/revisions\/1392"}],"wp:attachment":[{"href":"https:\/\/vassaloindustria.pt\/en\/wp-json\/wp\/v2\/media?parent=59"}],"curies":[{"name":"wp","href":"https:\/\/api.w.org\/{rel}","templated":true}]}}