{"id":57,"date":"2024-07-12T00:45:40","date_gmt":"2024-07-11T23:45:40","guid":{"rendered":"https:\/\/vassaloindustria.pt\/wp_mag\/?page_id=57"},"modified":"2026-04-02T15:05:28","modified_gmt":"2026-04-02T14:05:28","slug":"acessibilidades","status":"publish","type":"page","link":"https:\/\/vassaloindustria.pt\/en\/acessibilidades\/","title":{"rendered":"Acessibilidades \/ Homelifts"},"content":{"rendered":"<div data-elementor-type=\"wp-page\" data-elementor-id=\"57\" class=\"elementor elementor-57\">\n\t\t\t\t<div class=\"elementor-element elementor-element-13a8dae e-flex e-con-boxed e-con e-parent\" data-id=\"13a8dae\" data-element_type=\"container\" data-e-type=\"container\">\n\t\t\t\t\t<div class=\"e-con-inner\">\n\t\t\t\t<div class=\"elementor-element elementor-element-88e6e50 elementor-widget elementor-widget-spacer\" data-id=\"88e6e50\" data-element_type=\"widget\" data-e-type=\"widget\" data-widget_type=\"spacer.default\">\n\t\t\t\t<div class=\"elementor-widget-container\">\n\t\t\t\t\t\t\t<div class=\"elementor-spacer\">\n\t\t\t<div class=\"elementor-spacer-inner\"><\/div>\n\t\t<\/div>\n\t\t\t\t\t\t<\/div>\n\t\t\t\t<\/div>\n\t\t\t\t\t<\/div>\n\t\t\t\t<\/div>\n\t\t<div class=\"elementor-element elementor-element-4cb596bf e-flex e-con-boxed e-con e-parent\" data-id=\"4cb596bf\" data-element_type=\"container\" data-e-type=\"container\">\n\t\t\t\t\t<div class=\"e-con-inner\">\n\t\t\t\t<div class=\"elementor-element elementor-element-c1073fe elementor-widget elementor-widget-heading\" data-id=\"c1073fe\" data-element_type=\"widget\" data-e-type=\"widget\" data-widget_type=\"heading.default\">\n\t\t\t\t<div class=\"elementor-widget-container\">\n\t\t\t\t\t<h3 class=\"elementor-heading-title elementor-size-default\">Acessibilidades \/ Homelifts s\u00e3o ideais para apoiar pessoas com mobilidade reduzida a superar desn\u00edveis e\/ou escadas.<\/h3>\t\t\t\t<\/div>\n\t\t\t\t<\/div>\n\t\t\t\t\t<\/div>\n\t\t\t\t<\/div>\n\t\t<div class=\"elementor-element elementor-element-38147f8 e-flex e-con-boxed e-con e-parent\" data-id=\"38147f8\" data-element_type=\"container\" data-e-type=\"container\">\n\t\t\t\t\t<div class=\"e-con-inner\">\n\t\t\t\t<div class=\"elementor-element elementor-element-b272324 elementor-widget elementor-widget-spacer\" data-id=\"b272324\" data-element_type=\"widget\" data-e-type=\"widget\" data-widget_type=\"spacer.default\">\n\t\t\t\t<div class=\"elementor-widget-container\">\n\t\t\t\t\t\t\t<div class=\"elementor-spacer\">\n\t\t\t<div class=\"elementor-spacer-inner\"><\/div>\n\t\t<\/div>\n\t\t\t\t\t\t<\/div>\n\t\t\t\t<\/div>\n\t\t\t\t\t<\/div>\n\t\t\t\t<\/div>\n\t\t<div class=\"elementor-element elementor-element-730ea01d e-flex e-con-boxed e-con e-parent\" data-id=\"730ea01d\" data-element_type=\"container\" data-e-type=\"container\">\n\t\t\t\t\t<div class=\"e-con-inner\">\n\t\t\t\t<div class=\"elementor-element elementor-element-76fc0144 elementor-widget elementor-widget-heading\" data-id=\"76fc0144\" data-element_type=\"widget\" data-e-type=\"widget\" data-widget_type=\"heading.default\">\n\t\t\t\t<div class=\"elementor-widget-container\">\n\t\t\t\t\t<h3 class=\"elementor-heading-title elementor-size-default\">Stairlift Platforms<\/h3>\t\t\t\t<\/div>\n\t\t\t\t<\/div>\n\t\t\t\t\t<\/div>\n\t\t\t\t<\/div>\n\t\t<div class=\"elementor-element elementor-element-33b2219a e-flex e-con-boxed e-con e-parent\" data-id=\"33b2219a\" data-element_type=\"container\" data-e-type=\"container\">\n\t\t\t\t\t<div class=\"e-con-inner\">\n\t\t<div class=\"elementor-element elementor-element-6f7b1c3b e-con-full e-flex e-con e-child\" data-id=\"6f7b1c3b\" data-element_type=\"container\" data-e-type=\"container\">\n\t\t\t\t<div class=\"elementor-element elementor-element-80d0988 elementor-widget elementor-widget-image-carousel\" data-id=\"80d0988\" data-element_type=\"widget\" data-e-type=\"widget\" data-settings=\"{&quot;slides_to_show&quot;:&quot;1&quot;,&quot;navigation&quot;:&quot;none&quot;,&quot;effect&quot;:&quot;fade&quot;,&quot;autoplay&quot;:&quot;yes&quot;,&quot;autoplay_speed&quot;:5000,&quot;infinite&quot;:&quot;yes&quot;,&quot;speed&quot;:500}\" data-widget_type=\"image-carousel.default\">\n\t\t\t\t<div class=\"elementor-widget-container\">\n\t\t\t\t\t\t\t<div class=\"elementor-image-carousel-wrapper swiper\" role=\"region\" aria-roledescription=\"carousel\" aria-label=\"Carrossel de imagens\" dir=\"ltr\">\n\t\t\t<div class=\"elementor-image-carousel swiper-wrapper swiper-image-stretch\" aria-live=\"off\">\n\t\t\t\t\t\t\t\t<div class=\"swiper-slide\" role=\"group\" aria-roledescription=\"slide\" aria-label=\"1 of 3\" data-no-translation-aria-label=\"\"><figure class=\"swiper-slide-inner\"><img decoding=\"async\" class=\"swiper-slide-image\" src=\"https:\/\/vassaloindustria.pt\/wp_mag\/wp-content\/uploads\/2024\/08\/acessibilidades-escadas1.jpg\" alt=\"acessibilidades escadas vassalo ind\u00fastria\" \/><\/figure><\/div><div class=\"swiper-slide\" role=\"group\" aria-roledescription=\"slide\" aria-label=\"2 of 3\" data-no-translation-aria-label=\"\"><figure class=\"swiper-slide-inner\"><img decoding=\"async\" class=\"swiper-slide-image\" src=\"https:\/\/vassaloindustria.pt\/wp_mag\/wp-content\/uploads\/2024\/08\/acessibilidades-escadas2.jpg\" alt=\"acessibilidades escadas vassalo ind\u00fastria\" \/><\/figure><\/div><div class=\"swiper-slide\" role=\"group\" aria-roledescription=\"slide\" aria-label=\"3 of 3\" data-no-translation-aria-label=\"\"><figure class=\"swiper-slide-inner\"><img decoding=\"async\" class=\"swiper-slide-image\" src=\"https:\/\/vassaloindustria.pt\/wp_mag\/wp-content\/uploads\/2024\/08\/acessibilidades-escadas3.jpg\" alt=\"acessibilidades escadas vassalo ind\u00fastria\" \/><\/figure><\/div>\t\t\t<\/div>\n\t\t\t\t\t\t\t\n\t\t\t\t\t\t\t\t\t<\/div>\n\t\t\t\t\t\t<\/div>\n\t\t\t\t<\/div>\n\t\t\t\t<\/div>\n\t\t<div class=\"elementor-element elementor-element-234bdb91 e-con-full e-flex e-con e-child\" data-id=\"234bdb91\" data-element_type=\"container\" data-e-type=\"container\">\n\t\t\t\t<div class=\"elementor-element elementor-element-6485826e elementor-widget elementor-widget-text-editor\" data-id=\"6485826e\" data-element_type=\"widget\" data-e-type=\"widget\" data-widget_type=\"text-editor.default\">\n\t\t\t\t<div class=\"elementor-widget-container\">\n\t\t\t\t\t\t\t\t\t<p>Through a single joystick and full automation of\nits functions, the user enjoys total freedom of\nmobility.<\/p>\t\t\t\t\t\t\t\t<\/div>\n\t\t\t\t<\/div>\n\t\t\t\t<div class=\"elementor-element elementor-element-18bf8b84 elementor-widget elementor-widget-text-editor\" data-id=\"18bf8b84\" data-element_type=\"widget\" data-e-type=\"widget\" data-widget_type=\"text-editor.default\">\n\t\t\t\t<div class=\"elementor-widget-container\">\n\t\t\t\t\t\t\t\t\t<ul><li>Load capacity: up to 300 kg.<\/li><li>Maximum speed: 6 m\/min.<\/li><li>Single rectangular tubular guide fixed at\napproximately 180 mm from the wall.<\/li><li>Guide fixing at about 140 mm from the rear\nwall or railing.<\/li><li>Control unit fixing at about 370 mm from the\nrear wall or railing.<\/li><li>Box with extendable cable for platform\nopening\/closing control.<\/li><li>Easy handling: 2 buttons at the end of the\nguide.<\/li><li>Power supply: 220V AC for 24V DC lowvoltage\ncontrol.<\/li><li>Rack rail with toothed pinion at the bottom.<\/li><\/ul>\t\t\t\t\t\t\t\t<\/div>\n\t\t\t\t<\/div>\n\t\t\t\t<\/div>\n\t\t\t\t\t<\/div>\n\t\t\t\t<\/div>\n\t\t<div class=\"elementor-element elementor-element-f252d48 e-flex e-con-boxed e-con e-parent\" data-id=\"f252d48\" data-element_type=\"container\" data-e-type=\"container\">\n\t\t\t\t\t<div class=\"e-con-inner\">\n\t\t\t\t<div class=\"elementor-element elementor-element-ab6328b elementor-widget elementor-widget-spacer\" data-id=\"ab6328b\" data-element_type=\"widget\" data-e-type=\"widget\" data-widget_type=\"spacer.default\">\n\t\t\t\t<div class=\"elementor-widget-container\">\n\t\t\t\t\t\t\t<div class=\"elementor-spacer\">\n\t\t\t<div class=\"elementor-spacer-inner\"><\/div>\n\t\t<\/div>\n\t\t\t\t\t\t<\/div>\n\t\t\t\t<\/div>\n\t\t\t\t\t<\/div>\n\t\t\t\t<\/div>\n\t\t<div class=\"elementor-element elementor-element-43571f9 e-flex e-con-boxed e-con e-parent\" data-id=\"43571f9\" data-element_type=\"container\" data-e-type=\"container\">\n\t\t\t\t\t<div class=\"e-con-inner\">\n\t\t\t\t<div class=\"elementor-element elementor-element-842ef43 elementor-widget elementor-widget-heading\" data-id=\"842ef43\" data-element_type=\"widget\" data-e-type=\"widget\" data-widget_type=\"heading.default\">\n\t\t\t\t<div class=\"elementor-widget-container\">\n\t\t\t\t\t<h3 class=\"elementor-heading-title elementor-size-default\">Homelifts<\/h3>\t\t\t\t<\/div>\n\t\t\t\t<\/div>\n\t\t\t\t\t<\/div>\n\t\t\t\t<\/div>\n\t\t<div class=\"elementor-element elementor-element-c8e8622 e-flex e-con-boxed e-con e-parent\" data-id=\"c8e8622\" data-element_type=\"container\" data-e-type=\"container\">\n\t\t\t\t\t<div class=\"e-con-inner\">\n\t\t<div class=\"elementor-element elementor-element-2029e64 e-con-full e-flex e-con e-child\" data-id=\"2029e64\" data-element_type=\"container\" data-e-type=\"container\">\n\t\t\t\t<div class=\"elementor-element elementor-element-01f747f elementor-widget elementor-widget-image-carousel\" data-id=\"01f747f\" data-element_type=\"widget\" data-e-type=\"widget\" data-settings=\"{&quot;slides_to_show&quot;:&quot;1&quot;,&quot;navigation&quot;:&quot;none&quot;,&quot;effect&quot;:&quot;fade&quot;,&quot;autoplay&quot;:&quot;yes&quot;,&quot;autoplay_speed&quot;:5000,&quot;infinite&quot;:&quot;yes&quot;,&quot;speed&quot;:500}\" data-widget_type=\"image-carousel.default\">\n\t\t\t\t<div class=\"elementor-widget-container\">\n\t\t\t\t\t\t\t<div class=\"elementor-image-carousel-wrapper swiper\" role=\"region\" aria-roledescription=\"carousel\" aria-label=\"Carrossel de imagens\" dir=\"ltr\">\n\t\t\t<div class=\"elementor-image-carousel swiper-wrapper swiper-image-stretch\" aria-live=\"off\">\n\t\t\t\t\t\t\t\t<div class=\"swiper-slide\" role=\"group\" aria-roledescription=\"slide\" aria-label=\"1 of 2\" data-no-translation-aria-label=\"\"><figure class=\"swiper-slide-inner\"><img decoding=\"async\" class=\"swiper-slide-image\" src=\"https:\/\/vassaloindustria.pt\/wp_mag\/wp-content\/uploads\/2024\/08\/acessibilidades-homelift2.jpg\" alt=\"acessibilidades-homelift2\" \/><\/figure><\/div><div class=\"swiper-slide\" role=\"group\" aria-roledescription=\"slide\" aria-label=\"2 of 2\" data-no-translation-aria-label=\"\"><figure class=\"swiper-slide-inner\"><img decoding=\"async\" class=\"swiper-slide-image\" src=\"https:\/\/vassaloindustria.pt\/wp_mag\/wp-content\/uploads\/2024\/08\/acessibilidades-homelift1.jpg\" alt=\"acessibilidades-homelift1\" \/><\/figure><\/div>\t\t\t<\/div>\n\t\t\t\t\t\t\t\n\t\t\t\t\t\t\t\t\t<\/div>\n\t\t\t\t\t\t<\/div>\n\t\t\t\t<\/div>\n\t\t\t\t<\/div>\n\t\t<div class=\"elementor-element elementor-element-bb901d5 e-con-full e-flex e-con e-child\" data-id=\"bb901d5\" data-element_type=\"container\" data-e-type=\"container\">\n\t\t\t\t<div class=\"elementor-element elementor-element-cff13b9 elementor-widget elementor-widget-text-editor\" data-id=\"cff13b9\" data-element_type=\"widget\" data-e-type=\"widget\" data-widget_type=\"text-editor.default\">\n\t\t\t\t<div class=\"elementor-widget-container\">\n\t\t\t\t\t\t\t\t\t<p><strong>4 reasons<\/strong> why the Homelift elevator is the best\nsolution<br \/>for your home:<\/p><ol><li><strong>Accessibility:<\/strong> It is the perfect solution for\nindividuals<br \/>with limited mobility like the elderly\nor people<br \/>with disabilities.<\/li><li><strong>Comfort and convenience:<\/strong> Say goodbye to the\neffort of climbing stairs with heavy objects and\nbring comfort to your daily life!<\/li><li><strong>Property enhancement:<\/strong> An elevator can add value and make your home more appealing in the real estate market.<\/li><li><strong>Privacy and independence:<\/strong> A Homelift offers\nprivacy, allowing people to move between rooms\nwithout the need to cross common areas!<\/li><\/ol>\t\t\t\t\t\t\t\t<\/div>\n\t\t\t\t<\/div>\n\t\t\t\t<\/div>\n\t\t\t\t\t<\/div>\n\t\t\t\t<\/div>\n\t\t<div class=\"elementor-element elementor-element-2037eca e-flex e-con-boxed e-con e-parent\" data-id=\"2037eca\" data-element_type=\"container\" data-e-type=\"container\">\n\t\t\t\t\t<div class=\"e-con-inner\">\n\t\t\t\t<div class=\"elementor-element elementor-element-c7a03e4 elementor-align-center elementor-widget elementor-widget-button\" data-id=\"c7a03e4\" data-element_type=\"widget\" data-e-type=\"widget\" data-widget_type=\"button.default\">\n\t\t\t\t<div class=\"elementor-widget-container\">\n\t\t\t\t\t\t\t\t\t<div class=\"elementor-button-wrapper\">\n\t\t\t\t\t<a class=\"elementor-button elementor-button-link elementor-size-sm\" href=\"https:\/\/vassaloindustria.pt\/en\/contactos\/\">\n\t\t\t\t\t\t<span class=\"elementor-button-content-wrapper\">\n\t\t\t\t\t\t\t\t\t<span class=\"elementor-button-text\">Ask for Budget<\/span>\n\t\t\t\t\t<\/span>\n\t\t\t\t\t<\/a>\n\t\t\t\t<\/div>\n\t\t\t\t\t\t\t\t<\/div>\n\t\t\t\t<\/div>\n\t\t\t\t\t<\/div>\n\t\t\t\t<\/div>\n\t\t\t\t<\/div>","protected":false},"excerpt":{"rendered":"<p>Acessibilidades \/ Homelifts s\u00e3o ideais para apoiar pessoas com mobilidade reduzida a superar desn\u00edveis e\/ou escadas. Plataformas Elevat\u00f3rias para Escadas Atrav\u00e9s de um \u00fanico joystick e automa\u00e7\u00e3o completa das suas&hellip;<\/p>","protected":false},"author":1,"featured_media":0,"parent":0,"menu_order":5,"comment_status":"closed","ping_status":"closed","template":"","meta":{"footnotes":""},"class_list":["post-57","page","type-page","status-publish","hentry"],"aioseo_notices":[],"rttpg_featured_image_url":null,"rttpg_author":{"display_name":"paulo quintino","author_link":"https:\/\/vassaloindustria.pt\/en\/author\/paulo-quintino\/"},"rttpg_comment":0,"rttpg_category":null,"rttpg_excerpt":"Acessibilidades \/ Homelifts s\u00e3o ideais para apoiar pessoas com mobilidade reduzida a superar desn\u00edveis e\/ou escadas. Plataformas Elevat\u00f3rias para Escadas Atrav\u00e9s de um \u00fanico joystick e automa\u00e7\u00e3o completa das suas&hellip;","_links":{"self":[{"href":"https:\/\/vassaloindustria.pt\/en\/wp-json\/wp\/v2\/pages\/57","targetHints":{"allow":["GET"]}}],"collection":[{"href":"https:\/\/vassaloindustria.pt\/en\/wp-json\/wp\/v2\/pages"}],"about":[{"href":"https:\/\/vassaloindustria.pt\/en\/wp-json\/wp\/v2\/types\/page"}],"author":[{"embeddable":true,"href":"https:\/\/vassaloindustria.pt\/en\/wp-json\/wp\/v2\/users\/1"}],"replies":[{"embeddable":true,"href":"https:\/\/vassaloindustria.pt\/en\/wp-json\/wp\/v2\/comments?post=57"}],"version-history":[{"count":62,"href":"https:\/\/vassaloindustria.pt\/en\/wp-json\/wp\/v2\/pages\/57\/revisions"}],"predecessor-version":[{"id":1452,"href":"https:\/\/vassaloindustria.pt\/en\/wp-json\/wp\/v2\/pages\/57\/revisions\/1452"}],"wp:attachment":[{"href":"https:\/\/vassaloindustria.pt\/en\/wp-json\/wp\/v2\/media?parent=57"}],"curies":[{"name":"wp","href":"https:\/\/api.w.org\/{rel}","templated":true}]}}