{"id":55,"date":"2024-07-12T00:45:23","date_gmt":"2024-07-11T23:45:23","guid":{"rendered":"https:\/\/vassaloindustria.pt\/wp_mag\/?page_id=55"},"modified":"2026-02-14T17:27:25","modified_gmt":"2026-02-14T17:27:25","slug":"monta-pratos","status":"publish","type":"page","link":"https:\/\/vassaloindustria.pt\/en\/monta-pratos\/","title":{"rendered":"Assemble Dishes"},"content":{"rendered":"<div data-elementor-type=\"wp-page\" data-elementor-id=\"55\" class=\"elementor elementor-55\">\n\t\t\t\t<div class=\"elementor-element elementor-element-5b27b54 e-flex e-con-boxed e-con e-parent\" data-id=\"5b27b54\" data-element_type=\"container\" data-e-type=\"container\">\n\t\t\t\t\t<div class=\"e-con-inner\">\n\t\t\t\t<div class=\"elementor-element elementor-element-5a27251 elementor-widget elementor-widget-spacer\" data-id=\"5a27251\" data-element_type=\"widget\" data-e-type=\"widget\" data-widget_type=\"spacer.default\">\n\t\t\t\t<div class=\"elementor-widget-container\">\n\t\t\t\t\t\t\t<div class=\"elementor-spacer\">\n\t\t\t<div class=\"elementor-spacer-inner\"><\/div>\n\t\t<\/div>\n\t\t\t\t\t\t<\/div>\n\t\t\t\t<\/div>\n\t\t\t\t\t<\/div>\n\t\t\t\t<\/div>\n\t\t<div class=\"elementor-element elementor-element-42b6447c e-flex e-con-boxed e-con e-parent\" data-id=\"42b6447c\" data-element_type=\"container\" data-e-type=\"container\">\n\t\t\t\t\t<div class=\"e-con-inner\">\n\t\t\t\t<div class=\"elementor-element elementor-element-1501fb18 elementor-widget elementor-widget-heading\" data-id=\"1501fb18\" data-element_type=\"widget\" data-e-type=\"widget\" data-widget_type=\"heading.default\">\n\t\t\t\t<div class=\"elementor-widget-container\">\n\t\t\t\t\t<h3 class=\"elementor-heading-title elementor-size-default\">This equipment is in great demand in the service and catering sector, such as hotels and restaurants.<\/h3>\t\t\t\t<\/div>\n\t\t\t\t<\/div>\n\t\t\t\t\t<\/div>\n\t\t\t\t<\/div>\n\t\t<div class=\"elementor-element elementor-element-5766719 e-flex e-con-boxed e-con e-parent\" data-id=\"5766719\" data-element_type=\"container\" data-e-type=\"container\">\n\t\t\t\t\t<div class=\"e-con-inner\">\n\t\t\t\t<div class=\"elementor-element elementor-element-25bb618 elementor-widget elementor-widget-spacer\" data-id=\"25bb618\" data-element_type=\"widget\" data-e-type=\"widget\" data-widget_type=\"spacer.default\">\n\t\t\t\t<div class=\"elementor-widget-container\">\n\t\t\t\t\t\t\t<div class=\"elementor-spacer\">\n\t\t\t<div class=\"elementor-spacer-inner\"><\/div>\n\t\t<\/div>\n\t\t\t\t\t\t<\/div>\n\t\t\t\t<\/div>\n\t\t\t\t\t<\/div>\n\t\t\t\t<\/div>\n\t\t<div class=\"elementor-element elementor-element-4ee234de e-flex e-con-boxed e-con e-parent\" data-id=\"4ee234de\" data-element_type=\"container\" data-e-type=\"container\">\n\t\t\t\t\t<div class=\"e-con-inner\">\n\t\t\t\t<div class=\"elementor-element elementor-element-5300663d elementor-widget elementor-widget-heading\" data-id=\"5300663d\" data-element_type=\"widget\" data-e-type=\"widget\" data-widget_type=\"heading.default\">\n\t\t\t\t<div class=\"elementor-widget-container\">\n\t\t\t\t\t<h3 class=\"elementor-heading-title elementor-size-default\">Plate-Assembler Elevator<\/h3>\t\t\t\t<\/div>\n\t\t\t\t<\/div>\n\t\t\t\t\t<\/div>\n\t\t\t\t<\/div>\n\t\t<div class=\"elementor-element elementor-element-ce72864 e-grid e-con-boxed e-con e-parent\" data-id=\"ce72864\" data-element_type=\"container\" data-e-type=\"container\">\n\t\t\t\t\t<div class=\"e-con-inner\">\n\t\t\t\t<div class=\"elementor-element elementor-element-fa5f018 elementor-widget elementor-widget-image\" data-id=\"fa5f018\" data-element_type=\"widget\" data-e-type=\"widget\" data-widget_type=\"image.default\">\n\t\t\t\t<div class=\"elementor-widget-container\">\n\t\t\t\t\t\t\t\t\t\t\t\t\t\t\t<img fetchpriority=\"high\" decoding=\"async\" width=\"512\" height=\"683\" src=\"https:\/\/vassaloindustria.pt\/wp_mag\/wp-content\/uploads\/2024\/08\/monta-pratos-vassalo-industria1.jpg\" class=\"attachment-large size-large wp-image-832\" alt=\"monta-pratos vassalo industria\" srcset=\"https:\/\/vassaloindustria.pt\/wp_mag\/wp-content\/uploads\/2024\/08\/monta-pratos-vassalo-industria1.jpg 512w, https:\/\/vassaloindustria.pt\/wp_mag\/wp-content\/uploads\/2024\/08\/monta-pratos-vassalo-industria1-225x300.jpg 225w, https:\/\/vassaloindustria.pt\/wp_mag\/wp-content\/uploads\/2024\/08\/monta-pratos-vassalo-industria1-9x12.jpg 9w\" sizes=\"(max-width: 512px) 100vw, 512px\" \/>\t\t\t\t\t\t\t\t\t\t\t\t\t\t\t<\/div>\n\t\t\t\t<\/div>\n\t\t\t\t<div class=\"elementor-element elementor-element-ddf6157 elementor-widget elementor-widget-image\" data-id=\"ddf6157\" data-element_type=\"widget\" data-e-type=\"widget\" data-widget_type=\"image.default\">\n\t\t\t\t<div class=\"elementor-widget-container\">\n\t\t\t\t\t\t\t\t\t\t\t\t\t\t\t<img decoding=\"async\" width=\"512\" height=\"683\" src=\"https:\/\/vassaloindustria.pt\/wp_mag\/wp-content\/uploads\/2024\/08\/monta-pratos-vassalo-industria2.jpg\" class=\"attachment-large size-large wp-image-833\" alt=\"monta-pratos vassalo industria\" srcset=\"https:\/\/vassaloindustria.pt\/wp_mag\/wp-content\/uploads\/2024\/08\/monta-pratos-vassalo-industria2.jpg 512w, https:\/\/vassaloindustria.pt\/wp_mag\/wp-content\/uploads\/2024\/08\/monta-pratos-vassalo-industria2-225x300.jpg 225w, https:\/\/vassaloindustria.pt\/wp_mag\/wp-content\/uploads\/2024\/08\/monta-pratos-vassalo-industria2-9x12.jpg 9w\" sizes=\"(max-width: 512px) 100vw, 512px\" \/>\t\t\t\t\t\t\t\t\t\t\t\t\t\t\t<\/div>\n\t\t\t\t<\/div>\n\t\t\t\t<div class=\"elementor-element elementor-element-ea25fd7 elementor-widget elementor-widget-image\" data-id=\"ea25fd7\" data-element_type=\"widget\" data-e-type=\"widget\" data-widget_type=\"image.default\">\n\t\t\t\t<div class=\"elementor-widget-container\">\n\t\t\t\t\t\t\t\t\t\t\t\t\t\t\t<img decoding=\"async\" width=\"512\" height=\"683\" src=\"https:\/\/vassaloindustria.pt\/wp_mag\/wp-content\/uploads\/2024\/08\/monta-pratos-vassalo-industria3.jpg\" class=\"attachment-large size-large wp-image-834\" alt=\"monta-pratos vassalo industria\" srcset=\"https:\/\/vassaloindustria.pt\/wp_mag\/wp-content\/uploads\/2024\/08\/monta-pratos-vassalo-industria3.jpg 512w, https:\/\/vassaloindustria.pt\/wp_mag\/wp-content\/uploads\/2024\/08\/monta-pratos-vassalo-industria3-225x300.jpg 225w, https:\/\/vassaloindustria.pt\/wp_mag\/wp-content\/uploads\/2024\/08\/monta-pratos-vassalo-industria3-9x12.jpg 9w\" sizes=\"(max-width: 512px) 100vw, 512px\" \/>\t\t\t\t\t\t\t\t\t\t\t\t\t\t\t<\/div>\n\t\t\t\t<\/div>\n\t\t\t\t\t<\/div>\n\t\t\t\t<\/div>\n\t\t<div class=\"elementor-element elementor-element-27e9887 e-grid e-con-boxed e-con e-parent\" data-id=\"27e9887\" data-element_type=\"container\" data-e-type=\"container\">\n\t\t\t\t\t<div class=\"e-con-inner\">\n\t\t\t\t<div class=\"elementor-element elementor-element-96b0560 elementor-widget elementor-widget-image\" data-id=\"96b0560\" data-element_type=\"widget\" data-e-type=\"widget\" data-widget_type=\"image.default\">\n\t\t\t\t<div class=\"elementor-widget-container\">\n\t\t\t\t\t\t\t\t\t\t\t\t\t\t\t<img loading=\"lazy\" decoding=\"async\" width=\"512\" height=\"683\" src=\"https:\/\/vassaloindustria.pt\/wp_mag\/wp-content\/uploads\/2024\/08\/monta-pratos-vassalo-industria4.jpg\" class=\"attachment-large size-large wp-image-835\" alt=\"monta-pratos vassalo industria\" srcset=\"https:\/\/vassaloindustria.pt\/wp_mag\/wp-content\/uploads\/2024\/08\/monta-pratos-vassalo-industria4.jpg 512w, https:\/\/vassaloindustria.pt\/wp_mag\/wp-content\/uploads\/2024\/08\/monta-pratos-vassalo-industria4-225x300.jpg 225w, https:\/\/vassaloindustria.pt\/wp_mag\/wp-content\/uploads\/2024\/08\/monta-pratos-vassalo-industria4-9x12.jpg 9w\" sizes=\"(max-width: 512px) 100vw, 512px\" \/>\t\t\t\t\t\t\t\t\t\t\t\t\t\t\t<\/div>\n\t\t\t\t<\/div>\n\t\t\t\t<div class=\"elementor-element elementor-element-295b1ac elementor-widget elementor-widget-image\" data-id=\"295b1ac\" data-element_type=\"widget\" data-e-type=\"widget\" data-widget_type=\"image.default\">\n\t\t\t\t<div class=\"elementor-widget-container\">\n\t\t\t\t\t\t\t\t\t\t\t\t\t\t\t<img loading=\"lazy\" decoding=\"async\" width=\"512\" height=\"683\" src=\"https:\/\/vassaloindustria.pt\/wp_mag\/wp-content\/uploads\/2024\/08\/monta-pratos-vassalo-industria5.jpg\" class=\"attachment-large size-large wp-image-836\" alt=\"monta-pratos vassalo industria\" srcset=\"https:\/\/vassaloindustria.pt\/wp_mag\/wp-content\/uploads\/2024\/08\/monta-pratos-vassalo-industria5.jpg 512w, https:\/\/vassaloindustria.pt\/wp_mag\/wp-content\/uploads\/2024\/08\/monta-pratos-vassalo-industria5-225x300.jpg 225w, https:\/\/vassaloindustria.pt\/wp_mag\/wp-content\/uploads\/2024\/08\/monta-pratos-vassalo-industria5-9x12.jpg 9w\" sizes=\"(max-width: 512px) 100vw, 512px\" \/>\t\t\t\t\t\t\t\t\t\t\t\t\t\t\t<\/div>\n\t\t\t\t<\/div>\n\t\t\t\t<div class=\"elementor-element elementor-element-990b8c3 elementor-widget elementor-widget-image\" data-id=\"990b8c3\" data-element_type=\"widget\" data-e-type=\"widget\" data-widget_type=\"image.default\">\n\t\t\t\t<div class=\"elementor-widget-container\">\n\t\t\t\t\t\t\t\t\t\t\t\t\t\t\t<img loading=\"lazy\" decoding=\"async\" width=\"512\" height=\"683\" src=\"https:\/\/vassaloindustria.pt\/wp_mag\/wp-content\/uploads\/2024\/08\/monta-pratos-vassalo-industria6.jpg\" class=\"attachment-large size-large wp-image-831\" alt=\"monta-pratos vassalo industria\" srcset=\"https:\/\/vassaloindustria.pt\/wp_mag\/wp-content\/uploads\/2024\/08\/monta-pratos-vassalo-industria6.jpg 512w, https:\/\/vassaloindustria.pt\/wp_mag\/wp-content\/uploads\/2024\/08\/monta-pratos-vassalo-industria6-225x300.jpg 225w, https:\/\/vassaloindustria.pt\/wp_mag\/wp-content\/uploads\/2024\/08\/monta-pratos-vassalo-industria6-9x12.jpg 9w\" sizes=\"(max-width: 512px) 100vw, 512px\" \/>\t\t\t\t\t\t\t\t\t\t\t\t\t\t\t<\/div>\n\t\t\t\t<\/div>\n\t\t\t\t\t<\/div>\n\t\t\t\t<\/div>\n\t\t<div class=\"elementor-element elementor-element-0dc380f e-flex e-con-boxed e-con e-parent\" data-id=\"0dc380f\" data-element_type=\"container\" data-e-type=\"container\">\n\t\t\t\t\t<div class=\"e-con-inner\">\n\t\t\t\t<div class=\"elementor-element elementor-element-91dd104 elementor-widget elementor-widget-spacer\" data-id=\"91dd104\" data-element_type=\"widget\" data-e-type=\"widget\" data-widget_type=\"spacer.default\">\n\t\t\t\t<div class=\"elementor-widget-container\">\n\t\t\t\t\t\t\t<div class=\"elementor-spacer\">\n\t\t\t<div class=\"elementor-spacer-inner\"><\/div>\n\t\t<\/div>\n\t\t\t\t\t\t<\/div>\n\t\t\t\t<\/div>\n\t\t\t\t\t<\/div>\n\t\t\t\t<\/div>\n\t\t<div class=\"elementor-element elementor-element-dc00990 e-flex e-con-boxed e-con e-parent\" data-id=\"dc00990\" data-element_type=\"container\" data-e-type=\"container\">\n\t\t\t\t\t<div class=\"e-con-inner\">\n\t\t\t\t<div class=\"elementor-element elementor-element-bb00893 elementor-widget elementor-widget-heading\" data-id=\"bb00893\" data-element_type=\"widget\" data-e-type=\"widget\" data-widget_type=\"heading.default\">\n\t\t\t\t<div class=\"elementor-widget-container\">\n\t\t\t\t\t<h3 class=\"elementor-heading-title elementor-size-default\">Mini-Loads<\/h3>\t\t\t\t<\/div>\n\t\t\t\t<\/div>\n\t\t\t\t\t<\/div>\n\t\t\t\t<\/div>\n\t\t<div class=\"elementor-element elementor-element-37510c7 e-grid e-con-boxed e-con e-parent\" data-id=\"37510c7\" data-element_type=\"container\" data-e-type=\"container\">\n\t\t\t\t\t<div class=\"e-con-inner\">\n\t\t\t\t<div class=\"elementor-element elementor-element-a5c0cda elementor-widget elementor-widget-image\" data-id=\"a5c0cda\" data-element_type=\"widget\" data-e-type=\"widget\" data-widget_type=\"image.default\">\n\t\t\t\t<div class=\"elementor-widget-container\">\n\t\t\t\t\t\t\t\t\t\t\t\t\t\t\t<img loading=\"lazy\" decoding=\"async\" width=\"512\" height=\"683\" src=\"https:\/\/vassaloindustria.pt\/wp_mag\/wp-content\/uploads\/2024\/08\/mini-cargas-vassalo-industria1.jpg\" class=\"attachment-large size-large wp-image-849\" alt=\"mini-cargas vassalo industria\" srcset=\"https:\/\/vassaloindustria.pt\/wp_mag\/wp-content\/uploads\/2024\/08\/mini-cargas-vassalo-industria1.jpg 512w, https:\/\/vassaloindustria.pt\/wp_mag\/wp-content\/uploads\/2024\/08\/mini-cargas-vassalo-industria1-225x300.jpg 225w, https:\/\/vassaloindustria.pt\/wp_mag\/wp-content\/uploads\/2024\/08\/mini-cargas-vassalo-industria1-9x12.jpg 9w\" sizes=\"(max-width: 512px) 100vw, 512px\" \/>\t\t\t\t\t\t\t\t\t\t\t\t\t\t\t<\/div>\n\t\t\t\t<\/div>\n\t\t\t\t<div class=\"elementor-element elementor-element-a85f597 elementor-widget elementor-widget-image\" data-id=\"a85f597\" data-element_type=\"widget\" data-e-type=\"widget\" data-widget_type=\"image.default\">\n\t\t\t\t<div class=\"elementor-widget-container\">\n\t\t\t\t\t\t\t\t\t\t\t\t\t\t\t<img loading=\"lazy\" decoding=\"async\" width=\"512\" height=\"683\" src=\"https:\/\/vassaloindustria.pt\/wp_mag\/wp-content\/uploads\/2024\/08\/mini-cargas-vassalo-industria2.jpg\" class=\"attachment-large size-large wp-image-850\" alt=\"mini-cargas vassalo industria\" srcset=\"https:\/\/vassaloindustria.pt\/wp_mag\/wp-content\/uploads\/2024\/08\/mini-cargas-vassalo-industria2.jpg 512w, https:\/\/vassaloindustria.pt\/wp_mag\/wp-content\/uploads\/2024\/08\/mini-cargas-vassalo-industria2-225x300.jpg 225w, https:\/\/vassaloindustria.pt\/wp_mag\/wp-content\/uploads\/2024\/08\/mini-cargas-vassalo-industria2-9x12.jpg 9w\" sizes=\"(max-width: 512px) 100vw, 512px\" \/>\t\t\t\t\t\t\t\t\t\t\t\t\t\t\t<\/div>\n\t\t\t\t<\/div>\n\t\t\t\t<div class=\"elementor-element elementor-element-14a99e8 elementor-widget elementor-widget-image\" data-id=\"14a99e8\" data-element_type=\"widget\" data-e-type=\"widget\" data-widget_type=\"image.default\">\n\t\t\t\t<div class=\"elementor-widget-container\">\n\t\t\t\t\t\t\t\t\t\t\t\t\t\t\t<img loading=\"lazy\" decoding=\"async\" width=\"512\" height=\"683\" src=\"https:\/\/vassaloindustria.pt\/wp_mag\/wp-content\/uploads\/2024\/08\/mini-cargas-vassalo-industria3.jpg\" class=\"attachment-large size-large wp-image-848\" alt=\"mini-cargas vassalo industria\" srcset=\"https:\/\/vassaloindustria.pt\/wp_mag\/wp-content\/uploads\/2024\/08\/mini-cargas-vassalo-industria3.jpg 512w, https:\/\/vassaloindustria.pt\/wp_mag\/wp-content\/uploads\/2024\/08\/mini-cargas-vassalo-industria3-225x300.jpg 225w, https:\/\/vassaloindustria.pt\/wp_mag\/wp-content\/uploads\/2024\/08\/mini-cargas-vassalo-industria3-9x12.jpg 9w\" sizes=\"(max-width: 512px) 100vw, 512px\" \/>\t\t\t\t\t\t\t\t\t\t\t\t\t\t\t<\/div>\n\t\t\t\t<\/div>\n\t\t\t\t\t<\/div>\n\t\t\t\t<\/div>\n\t\t\t\t<\/div>","protected":false},"excerpt":{"rendered":"<p>Este equipamento apresenta uma grande procura no setor de servi\u00e7os e restaura\u00e7\u00e3o, como hot\u00e9is e restaurantes. Monta-Pratos Mini-Cargas<\/p>","protected":false},"author":1,"featured_media":0,"parent":0,"menu_order":1,"comment_status":"closed","ping_status":"closed","template":"","meta":{"footnotes":""},"class_list":["post-55","page","type-page","status-publish","hentry"],"aioseo_notices":[],"rttpg_featured_image_url":null,"rttpg_author":{"display_name":"paulo quintino","author_link":"https:\/\/vassaloindustria.pt\/en\/author\/paulo-quintino\/"},"rttpg_comment":0,"rttpg_category":null,"rttpg_excerpt":"Este equipamento apresenta uma grande procura no setor de servi\u00e7os e restaura\u00e7\u00e3o, como hot\u00e9is e restaurantes. Monta-Pratos Mini-Cargas","_links":{"self":[{"href":"https:\/\/vassaloindustria.pt\/en\/wp-json\/wp\/v2\/pages\/55","targetHints":{"allow":["GET"]}}],"collection":[{"href":"https:\/\/vassaloindustria.pt\/en\/wp-json\/wp\/v2\/pages"}],"about":[{"href":"https:\/\/vassaloindustria.pt\/en\/wp-json\/wp\/v2\/types\/page"}],"author":[{"embeddable":true,"href":"https:\/\/vassaloindustria.pt\/en\/wp-json\/wp\/v2\/users\/1"}],"replies":[{"embeddable":true,"href":"https:\/\/vassaloindustria.pt\/en\/wp-json\/wp\/v2\/comments?post=55"}],"version-history":[{"count":26,"href":"https:\/\/vassaloindustria.pt\/en\/wp-json\/wp\/v2\/pages\/55\/revisions"}],"predecessor-version":[{"id":1386,"href":"https:\/\/vassaloindustria.pt\/en\/wp-json\/wp\/v2\/pages\/55\/revisions\/1386"}],"wp:attachment":[{"href":"https:\/\/vassaloindustria.pt\/en\/wp-json\/wp\/v2\/media?parent=55"}],"curies":[{"name":"wp","href":"https:\/\/api.w.org\/{rel}","templated":true}]}}