{"id":53,"date":"2024-07-12T00:44:52","date_gmt":"2024-07-11T23:44:52","guid":{"rendered":"https:\/\/vassaloindustria.pt\/wp_mag\/?page_id=53"},"modified":"2026-02-14T17:27:38","modified_gmt":"2026-02-14T17:27:38","slug":"monta-cargas","status":"publish","type":"page","link":"https:\/\/vassaloindustria.pt\/en\/monta-cargas\/","title":{"rendered":"Loading Platform"},"content":{"rendered":"<div data-elementor-type=\"wp-page\" data-elementor-id=\"53\" class=\"elementor elementor-53\">\n\t\t\t\t<div class=\"elementor-element elementor-element-dc6e8ca e-flex e-con-boxed e-con e-parent\" data-id=\"dc6e8ca\" data-element_type=\"container\" data-e-type=\"container\">\n\t\t\t\t\t<div class=\"e-con-inner\">\n\t\t\t\t<div class=\"elementor-element elementor-element-23571b0 elementor-widget elementor-widget-spacer\" data-id=\"23571b0\" data-element_type=\"widget\" data-e-type=\"widget\" data-widget_type=\"spacer.default\">\n\t\t\t\t<div class=\"elementor-widget-container\">\n\t\t\t\t\t\t\t<div class=\"elementor-spacer\">\n\t\t\t<div class=\"elementor-spacer-inner\"><\/div>\n\t\t<\/div>\n\t\t\t\t\t\t<\/div>\n\t\t\t\t<\/div>\n\t\t\t\t\t<\/div>\n\t\t\t\t<\/div>\n\t\t<div class=\"elementor-element elementor-element-73ffe91d e-flex e-con-boxed e-con e-parent\" data-id=\"73ffe91d\" data-element_type=\"container\" data-e-type=\"container\">\n\t\t\t\t\t<div class=\"e-con-inner\">\n\t\t\t\t<div class=\"elementor-element elementor-element-1130514b elementor-widget elementor-widget-heading\" data-id=\"1130514b\" data-element_type=\"widget\" data-e-type=\"widget\" data-widget_type=\"heading.default\">\n\t\t\t\t<div class=\"elementor-widget-container\">\n\t\t\t\t\t<h3 class=\"elementor-heading-title elementor-size-default\">These platforms are specially designed for lifting loads of different weights and sizes.<\/h3>\t\t\t\t<\/div>\n\t\t\t\t<\/div>\n\t\t\t\t\t<\/div>\n\t\t\t\t<\/div>\n\t\t<div class=\"elementor-element elementor-element-9160b90 e-flex e-con-boxed e-con e-parent\" data-id=\"9160b90\" data-element_type=\"container\" data-e-type=\"container\">\n\t\t\t\t\t<div class=\"e-con-inner\">\n\t\t\t\t<div class=\"elementor-element elementor-element-627aeb7 elementor-widget elementor-widget-spacer\" data-id=\"627aeb7\" data-element_type=\"widget\" data-e-type=\"widget\" data-widget_type=\"spacer.default\">\n\t\t\t\t<div class=\"elementor-widget-container\">\n\t\t\t\t\t\t\t<div class=\"elementor-spacer\">\n\t\t\t<div class=\"elementor-spacer-inner\"><\/div>\n\t\t<\/div>\n\t\t\t\t\t\t<\/div>\n\t\t\t\t<\/div>\n\t\t\t\t\t<\/div>\n\t\t\t\t<\/div>\n\t\t<div class=\"elementor-element elementor-element-7789b9b e-flex e-con-boxed e-con e-parent\" data-id=\"7789b9b\" data-element_type=\"container\" data-e-type=\"container\">\n\t\t\t\t\t<div class=\"e-con-inner\">\n\t\t\t\t<div class=\"elementor-element elementor-element-1797087 elementor-widget elementor-widget-heading\" data-id=\"1797087\" data-element_type=\"widget\" data-e-type=\"widget\" data-widget_type=\"heading.default\">\n\t\t\t\t<div class=\"elementor-widget-container\">\n\t\t\t\t\t<h3 class=\"elementor-heading-title elementor-size-default\">Loading Platforms<\/h3>\t\t\t\t<\/div>\n\t\t\t\t<\/div>\n\t\t\t\t\t<\/div>\n\t\t\t\t<\/div>\n\t\t<div class=\"elementor-element elementor-element-7497a80 e-grid e-con-boxed e-con e-parent\" data-id=\"7497a80\" data-element_type=\"container\" data-e-type=\"container\">\n\t\t\t\t\t<div class=\"e-con-inner\">\n\t\t\t\t<div class=\"elementor-element elementor-element-00462cb elementor-widget elementor-widget-image\" data-id=\"00462cb\" data-element_type=\"widget\" data-e-type=\"widget\" data-widget_type=\"image.default\">\n\t\t\t\t<div class=\"elementor-widget-container\">\n\t\t\t\t\t\t\t\t\t\t\t\t\t\t\t<img fetchpriority=\"high\" decoding=\"async\" width=\"512\" height=\"683\" src=\"https:\/\/vassaloindustria.pt\/wp_mag\/wp-content\/uploads\/2024\/08\/fechamentos-vassalo-industria1.jpg\" class=\"attachment-large size-large wp-image-794\" alt=\"\" srcset=\"https:\/\/vassaloindustria.pt\/wp_mag\/wp-content\/uploads\/2024\/08\/fechamentos-vassalo-industria1.jpg 512w, https:\/\/vassaloindustria.pt\/wp_mag\/wp-content\/uploads\/2024\/08\/fechamentos-vassalo-industria1-225x300.jpg 225w, https:\/\/vassaloindustria.pt\/wp_mag\/wp-content\/uploads\/2024\/08\/fechamentos-vassalo-industria1-9x12.jpg 9w\" sizes=\"(max-width: 512px) 100vw, 512px\" \/>\t\t\t\t\t\t\t\t\t\t\t\t\t\t\t<\/div>\n\t\t\t\t<\/div>\n\t\t\t\t<div class=\"elementor-element elementor-element-64b5e58 elementor-widget elementor-widget-image\" data-id=\"64b5e58\" data-element_type=\"widget\" data-e-type=\"widget\" data-widget_type=\"image.default\">\n\t\t\t\t<div class=\"elementor-widget-container\">\n\t\t\t\t\t\t\t\t\t\t\t\t\t\t\t<img decoding=\"async\" width=\"512\" height=\"683\" src=\"https:\/\/vassaloindustria.pt\/wp_mag\/wp-content\/uploads\/2024\/08\/fechamentos-vassalo-industria2.jpg\" class=\"attachment-large size-large wp-image-795\" alt=\"\" srcset=\"https:\/\/vassaloindustria.pt\/wp_mag\/wp-content\/uploads\/2024\/08\/fechamentos-vassalo-industria2.jpg 512w, https:\/\/vassaloindustria.pt\/wp_mag\/wp-content\/uploads\/2024\/08\/fechamentos-vassalo-industria2-225x300.jpg 225w, https:\/\/vassaloindustria.pt\/wp_mag\/wp-content\/uploads\/2024\/08\/fechamentos-vassalo-industria2-9x12.jpg 9w\" sizes=\"(max-width: 512px) 100vw, 512px\" \/>\t\t\t\t\t\t\t\t\t\t\t\t\t\t\t<\/div>\n\t\t\t\t<\/div>\n\t\t\t\t<div class=\"elementor-element elementor-element-0f36e43 elementor-widget elementor-widget-image\" data-id=\"0f36e43\" data-element_type=\"widget\" data-e-type=\"widget\" data-widget_type=\"image.default\">\n\t\t\t\t<div class=\"elementor-widget-container\">\n\t\t\t\t\t\t\t\t\t\t\t\t\t\t\t<img decoding=\"async\" width=\"512\" height=\"683\" src=\"https:\/\/vassaloindustria.pt\/wp_mag\/wp-content\/uploads\/2024\/08\/fechamentos-vassalo-industria3.jpg\" class=\"attachment-large size-large wp-image-796\" alt=\"\" srcset=\"https:\/\/vassaloindustria.pt\/wp_mag\/wp-content\/uploads\/2024\/08\/fechamentos-vassalo-industria3.jpg 512w, https:\/\/vassaloindustria.pt\/wp_mag\/wp-content\/uploads\/2024\/08\/fechamentos-vassalo-industria3-225x300.jpg 225w, https:\/\/vassaloindustria.pt\/wp_mag\/wp-content\/uploads\/2024\/08\/fechamentos-vassalo-industria3-9x12.jpg 9w\" sizes=\"(max-width: 512px) 100vw, 512px\" \/>\t\t\t\t\t\t\t\t\t\t\t\t\t\t\t<\/div>\n\t\t\t\t<\/div>\n\t\t\t\t\t<\/div>\n\t\t\t\t<\/div>\n\t\t<div class=\"elementor-element elementor-element-561a0f3 e-grid e-con-boxed e-con e-parent\" data-id=\"561a0f3\" data-element_type=\"container\" data-e-type=\"container\">\n\t\t\t\t\t<div class=\"e-con-inner\">\n\t\t\t\t<div class=\"elementor-element elementor-element-b13c6dd elementor-widget elementor-widget-image\" data-id=\"b13c6dd\" data-element_type=\"widget\" data-e-type=\"widget\" data-widget_type=\"image.default\">\n\t\t\t\t<div class=\"elementor-widget-container\">\n\t\t\t\t\t\t\t\t\t\t\t\t\t\t\t<img loading=\"lazy\" decoding=\"async\" width=\"512\" height=\"683\" src=\"https:\/\/vassaloindustria.pt\/wp_mag\/wp-content\/uploads\/2024\/08\/fechamentos-vassalo-industria4.jpg\" class=\"attachment-large size-large wp-image-797\" alt=\"\" srcset=\"https:\/\/vassaloindustria.pt\/wp_mag\/wp-content\/uploads\/2024\/08\/fechamentos-vassalo-industria4.jpg 512w, https:\/\/vassaloindustria.pt\/wp_mag\/wp-content\/uploads\/2024\/08\/fechamentos-vassalo-industria4-225x300.jpg 225w, https:\/\/vassaloindustria.pt\/wp_mag\/wp-content\/uploads\/2024\/08\/fechamentos-vassalo-industria4-9x12.jpg 9w\" sizes=\"(max-width: 512px) 100vw, 512px\" \/>\t\t\t\t\t\t\t\t\t\t\t\t\t\t\t<\/div>\n\t\t\t\t<\/div>\n\t\t\t\t<div class=\"elementor-element elementor-element-01691d7 elementor-widget elementor-widget-image\" data-id=\"01691d7\" data-element_type=\"widget\" data-e-type=\"widget\" data-widget_type=\"image.default\">\n\t\t\t\t<div class=\"elementor-widget-container\">\n\t\t\t\t\t\t\t\t\t\t\t\t\t\t\t<img loading=\"lazy\" decoding=\"async\" width=\"512\" height=\"683\" src=\"https:\/\/vassaloindustria.pt\/wp_mag\/wp-content\/uploads\/2024\/08\/fechamentos-vassalo-industria5b.jpg\" class=\"attachment-large size-large wp-image-933\" alt=\"fechamentos vassalo ind\u00fastria\" srcset=\"https:\/\/vassaloindustria.pt\/wp_mag\/wp-content\/uploads\/2024\/08\/fechamentos-vassalo-industria5b.jpg 512w, https:\/\/vassaloindustria.pt\/wp_mag\/wp-content\/uploads\/2024\/08\/fechamentos-vassalo-industria5b-225x300.jpg 225w, https:\/\/vassaloindustria.pt\/wp_mag\/wp-content\/uploads\/2024\/08\/fechamentos-vassalo-industria5b-9x12.jpg 9w\" sizes=\"(max-width: 512px) 100vw, 512px\" \/>\t\t\t\t\t\t\t\t\t\t\t\t\t\t\t<\/div>\n\t\t\t\t<\/div>\n\t\t\t\t<div class=\"elementor-element elementor-element-6547358 elementor-widget elementor-widget-image\" data-id=\"6547358\" data-element_type=\"widget\" data-e-type=\"widget\" data-widget_type=\"image.default\">\n\t\t\t\t<div class=\"elementor-widget-container\">\n\t\t\t\t\t\t\t\t\t\t\t\t\t\t\t<img loading=\"lazy\" decoding=\"async\" width=\"512\" height=\"683\" src=\"https:\/\/vassaloindustria.pt\/wp_mag\/wp-content\/uploads\/2024\/08\/fechamentos-vassalo-industria6.jpg\" class=\"attachment-large size-large wp-image-799\" alt=\"fechamentos vassalo industria\" srcset=\"https:\/\/vassaloindustria.pt\/wp_mag\/wp-content\/uploads\/2024\/08\/fechamentos-vassalo-industria6.jpg 512w, https:\/\/vassaloindustria.pt\/wp_mag\/wp-content\/uploads\/2024\/08\/fechamentos-vassalo-industria6-225x300.jpg 225w, https:\/\/vassaloindustria.pt\/wp_mag\/wp-content\/uploads\/2024\/08\/fechamentos-vassalo-industria6-9x12.jpg 9w\" sizes=\"(max-width: 512px) 100vw, 512px\" \/>\t\t\t\t\t\t\t\t\t\t\t\t\t\t\t<\/div>\n\t\t\t\t<\/div>\n\t\t\t\t\t<\/div>\n\t\t\t\t<\/div>\n\t\t<div class=\"elementor-element elementor-element-4003311 e-flex e-con-boxed e-con e-parent\" data-id=\"4003311\" data-element_type=\"container\" data-e-type=\"container\">\n\t\t\t\t\t<div class=\"e-con-inner\">\n\t\t\t\t<div class=\"elementor-element elementor-element-4b5d74c elementor-widget elementor-widget-spacer\" data-id=\"4b5d74c\" data-element_type=\"widget\" data-e-type=\"widget\" data-widget_type=\"spacer.default\">\n\t\t\t\t<div class=\"elementor-widget-container\">\n\t\t\t\t\t\t\t<div class=\"elementor-spacer\">\n\t\t\t<div class=\"elementor-spacer-inner\"><\/div>\n\t\t<\/div>\n\t\t\t\t\t\t<\/div>\n\t\t\t\t<\/div>\n\t\t\t\t\t<\/div>\n\t\t\t\t<\/div>\n\t\t<div class=\"elementor-element elementor-element-166aaa8 e-flex e-con-boxed e-con e-parent\" data-id=\"166aaa8\" data-element_type=\"container\" data-e-type=\"container\">\n\t\t\t\t\t<div class=\"e-con-inner\">\n\t\t\t\t<div class=\"elementor-element elementor-element-cdbb7fb elementor-widget elementor-widget-heading\" data-id=\"cdbb7fb\" data-element_type=\"widget\" data-e-type=\"widget\" data-widget_type=\"heading.default\">\n\t\t\t\t<div class=\"elementor-widget-container\">\n\t\t\t\t\t<h3 class=\"elementor-heading-title elementor-size-default\">Hinged Doors<\/h3>\t\t\t\t<\/div>\n\t\t\t\t<\/div>\n\t\t\t\t\t<\/div>\n\t\t\t\t<\/div>\n\t\t<div class=\"elementor-element elementor-element-73c98cd e-grid e-con-boxed e-con e-parent\" data-id=\"73c98cd\" data-element_type=\"container\" data-e-type=\"container\">\n\t\t\t\t\t<div class=\"e-con-inner\">\n\t\t\t\t<div class=\"elementor-element elementor-element-206ea5c elementor-widget elementor-widget-image\" data-id=\"206ea5c\" data-element_type=\"widget\" data-e-type=\"widget\" data-widget_type=\"image.default\">\n\t\t\t\t<div class=\"elementor-widget-container\">\n\t\t\t\t\t\t\t\t\t\t\t\t\t\t\t<img loading=\"lazy\" decoding=\"async\" width=\"512\" height=\"683\" src=\"https:\/\/vassaloindustria.pt\/wp_mag\/wp-content\/uploads\/2024\/08\/portas-batente-vassalo-industria1.jpg\" class=\"attachment-large size-large wp-image-801\" alt=\"portas batente vassalo industria\" srcset=\"https:\/\/vassaloindustria.pt\/wp_mag\/wp-content\/uploads\/2024\/08\/portas-batente-vassalo-industria1.jpg 512w, https:\/\/vassaloindustria.pt\/wp_mag\/wp-content\/uploads\/2024\/08\/portas-batente-vassalo-industria1-225x300.jpg 225w, https:\/\/vassaloindustria.pt\/wp_mag\/wp-content\/uploads\/2024\/08\/portas-batente-vassalo-industria1-9x12.jpg 9w\" sizes=\"(max-width: 512px) 100vw, 512px\" \/>\t\t\t\t\t\t\t\t\t\t\t\t\t\t\t<\/div>\n\t\t\t\t<\/div>\n\t\t\t\t<div class=\"elementor-element elementor-element-414e205 elementor-widget elementor-widget-image\" data-id=\"414e205\" data-element_type=\"widget\" data-e-type=\"widget\" data-widget_type=\"image.default\">\n\t\t\t\t<div class=\"elementor-widget-container\">\n\t\t\t\t\t\t\t\t\t\t\t\t\t\t\t<img loading=\"lazy\" decoding=\"async\" width=\"512\" height=\"683\" src=\"https:\/\/vassaloindustria.pt\/wp_mag\/wp-content\/uploads\/2024\/08\/portas-batente-vassalo-industria2.jpg\" class=\"attachment-large size-large wp-image-802\" alt=\"portas batente vassalo industria\" srcset=\"https:\/\/vassaloindustria.pt\/wp_mag\/wp-content\/uploads\/2024\/08\/portas-batente-vassalo-industria2.jpg 512w, https:\/\/vassaloindustria.pt\/wp_mag\/wp-content\/uploads\/2024\/08\/portas-batente-vassalo-industria2-225x300.jpg 225w, https:\/\/vassaloindustria.pt\/wp_mag\/wp-content\/uploads\/2024\/08\/portas-batente-vassalo-industria2-9x12.jpg 9w\" sizes=\"(max-width: 512px) 100vw, 512px\" \/>\t\t\t\t\t\t\t\t\t\t\t\t\t\t\t<\/div>\n\t\t\t\t<\/div>\n\t\t\t\t<div class=\"elementor-element elementor-element-bd0125d elementor-widget elementor-widget-image\" data-id=\"bd0125d\" data-element_type=\"widget\" data-e-type=\"widget\" data-widget_type=\"image.default\">\n\t\t\t\t<div class=\"elementor-widget-container\">\n\t\t\t\t\t\t\t\t\t\t\t\t\t\t\t<img loading=\"lazy\" decoding=\"async\" width=\"512\" height=\"683\" src=\"https:\/\/vassaloindustria.pt\/wp_mag\/wp-content\/uploads\/2024\/08\/portas-batente-vassalo-industria3.jpg\" class=\"attachment-large size-large wp-image-803\" alt=\"portas batente vassalo industria\" srcset=\"https:\/\/vassaloindustria.pt\/wp_mag\/wp-content\/uploads\/2024\/08\/portas-batente-vassalo-industria3.jpg 512w, https:\/\/vassaloindustria.pt\/wp_mag\/wp-content\/uploads\/2024\/08\/portas-batente-vassalo-industria3-225x300.jpg 225w, https:\/\/vassaloindustria.pt\/wp_mag\/wp-content\/uploads\/2024\/08\/portas-batente-vassalo-industria3-9x12.jpg 9w\" sizes=\"(max-width: 512px) 100vw, 512px\" \/>\t\t\t\t\t\t\t\t\t\t\t\t\t\t\t<\/div>\n\t\t\t\t<\/div>\n\t\t\t\t\t<\/div>\n\t\t\t\t<\/div>\n\t\t<div class=\"elementor-element elementor-element-790f4e1 e-grid e-con-boxed e-con e-parent\" data-id=\"790f4e1\" data-element_type=\"container\" data-e-type=\"container\">\n\t\t\t\t\t<div class=\"e-con-inner\">\n\t\t\t\t<div class=\"elementor-element elementor-element-d58e591 elementor-widget elementor-widget-image\" data-id=\"d58e591\" data-element_type=\"widget\" data-e-type=\"widget\" data-widget_type=\"image.default\">\n\t\t\t\t<div class=\"elementor-widget-container\">\n\t\t\t\t\t\t\t\t\t\t\t\t\t\t\t<img loading=\"lazy\" decoding=\"async\" width=\"512\" height=\"683\" src=\"https:\/\/vassaloindustria.pt\/wp_mag\/wp-content\/uploads\/2024\/08\/portas-batente-vassalo-industria4.jpg\" class=\"attachment-large size-large wp-image-804\" alt=\"portas batente vassalo industria\" srcset=\"https:\/\/vassaloindustria.pt\/wp_mag\/wp-content\/uploads\/2024\/08\/portas-batente-vassalo-industria4.jpg 512w, https:\/\/vassaloindustria.pt\/wp_mag\/wp-content\/uploads\/2024\/08\/portas-batente-vassalo-industria4-225x300.jpg 225w, https:\/\/vassaloindustria.pt\/wp_mag\/wp-content\/uploads\/2024\/08\/portas-batente-vassalo-industria4-9x12.jpg 9w\" sizes=\"(max-width: 512px) 100vw, 512px\" \/>\t\t\t\t\t\t\t\t\t\t\t\t\t\t\t<\/div>\n\t\t\t\t<\/div>\n\t\t\t\t<div class=\"elementor-element elementor-element-657ba6f elementor-widget elementor-widget-image\" data-id=\"657ba6f\" data-element_type=\"widget\" data-e-type=\"widget\" data-widget_type=\"image.default\">\n\t\t\t\t<div class=\"elementor-widget-container\">\n\t\t\t\t\t\t\t\t\t\t\t\t\t\t\t<img loading=\"lazy\" decoding=\"async\" width=\"512\" height=\"683\" src=\"https:\/\/vassaloindustria.pt\/wp_mag\/wp-content\/uploads\/2024\/08\/portas-batente-vassalo-industria7.jpg\" class=\"attachment-large size-large wp-image-932\" alt=\"portas batente vassalo industria\" srcset=\"https:\/\/vassaloindustria.pt\/wp_mag\/wp-content\/uploads\/2024\/08\/portas-batente-vassalo-industria7.jpg 512w, https:\/\/vassaloindustria.pt\/wp_mag\/wp-content\/uploads\/2024\/08\/portas-batente-vassalo-industria7-225x300.jpg 225w, https:\/\/vassaloindustria.pt\/wp_mag\/wp-content\/uploads\/2024\/08\/portas-batente-vassalo-industria7-9x12.jpg 9w\" sizes=\"(max-width: 512px) 100vw, 512px\" \/>\t\t\t\t\t\t\t\t\t\t\t\t\t\t\t<\/div>\n\t\t\t\t<\/div>\n\t\t\t\t<div class=\"elementor-element elementor-element-17a2996 elementor-widget elementor-widget-image\" data-id=\"17a2996\" data-element_type=\"widget\" data-e-type=\"widget\" data-widget_type=\"image.default\">\n\t\t\t\t<div class=\"elementor-widget-container\">\n\t\t\t\t\t\t\t\t\t\t\t\t\t\t\t<img loading=\"lazy\" decoding=\"async\" width=\"512\" height=\"683\" src=\"https:\/\/vassaloindustria.pt\/wp_mag\/wp-content\/uploads\/2024\/08\/portas-batente-vassalo-industria5.jpg\" class=\"attachment-large size-large wp-image-805\" alt=\"portas batente vassalo industria\" srcset=\"https:\/\/vassaloindustria.pt\/wp_mag\/wp-content\/uploads\/2024\/08\/portas-batente-vassalo-industria5.jpg 512w, https:\/\/vassaloindustria.pt\/wp_mag\/wp-content\/uploads\/2024\/08\/portas-batente-vassalo-industria5-225x300.jpg 225w, https:\/\/vassaloindustria.pt\/wp_mag\/wp-content\/uploads\/2024\/08\/portas-batente-vassalo-industria5-9x12.jpg 9w\" sizes=\"(max-width: 512px) 100vw, 512px\" \/>\t\t\t\t\t\t\t\t\t\t\t\t\t\t\t<\/div>\n\t\t\t\t<\/div>\n\t\t\t\t\t<\/div>\n\t\t\t\t<\/div>\n\t\t\t\t<\/div>","protected":false},"excerpt":{"rendered":"<p>Estas plataformas s\u00e3o especialmente projetadas para a eleva\u00e7\u00e3o de cargas de diferentes pesos e medidas. Plataformas de Carga Portas de Batente<\/p>","protected":false},"author":1,"featured_media":0,"parent":0,"menu_order":2,"comment_status":"closed","ping_status":"closed","template":"","meta":{"footnotes":""},"class_list":["post-53","page","type-page","status-publish","hentry"],"aioseo_notices":[],"rttpg_featured_image_url":null,"rttpg_author":{"display_name":"paulo quintino","author_link":"https:\/\/vassaloindustria.pt\/en\/author\/paulo-quintino\/"},"rttpg_comment":0,"rttpg_category":null,"rttpg_excerpt":"Estas plataformas s\u00e3o especialmente projetadas para a eleva\u00e7\u00e3o de cargas de diferentes pesos e medidas. Plataformas de Carga Portas de Batente","_links":{"self":[{"href":"https:\/\/vassaloindustria.pt\/en\/wp-json\/wp\/v2\/pages\/53","targetHints":{"allow":["GET"]}}],"collection":[{"href":"https:\/\/vassaloindustria.pt\/en\/wp-json\/wp\/v2\/pages"}],"about":[{"href":"https:\/\/vassaloindustria.pt\/en\/wp-json\/wp\/v2\/types\/page"}],"author":[{"embeddable":true,"href":"https:\/\/vassaloindustria.pt\/en\/wp-json\/wp\/v2\/users\/1"}],"replies":[{"embeddable":true,"href":"https:\/\/vassaloindustria.pt\/en\/wp-json\/wp\/v2\/comments?post=53"}],"version-history":[{"count":26,"href":"https:\/\/vassaloindustria.pt\/en\/wp-json\/wp\/v2\/pages\/53\/revisions"}],"predecessor-version":[{"id":1387,"href":"https:\/\/vassaloindustria.pt\/en\/wp-json\/wp\/v2\/pages\/53\/revisions\/1387"}],"wp:attachment":[{"href":"https:\/\/vassaloindustria.pt\/en\/wp-json\/wp\/v2\/media?parent=53"}],"curies":[{"name":"wp","href":"https:\/\/api.w.org\/{rel}","templated":true}]}}