{"id":263,"date":"2024-07-19T01:51:27","date_gmt":"2024-07-19T00:51:27","guid":{"rendered":"https:\/\/vassaloindustria.pt\/wp_mag\/?page_id=263"},"modified":"2025-12-19T17:49:53","modified_gmt":"2025-12-19T17:49:53","slug":"destaques","status":"publish","type":"page","link":"https:\/\/vassaloindustria.pt\/en\/destaques\/","title":{"rendered":"Highlights"},"content":{"rendered":"<div data-elementor-type=\"wp-page\" data-elementor-id=\"263\" class=\"elementor elementor-263\">\n\t\t\t\t<div class=\"elementor-element elementor-element-903e65f e-flex e-con-boxed e-con e-parent\" data-id=\"903e65f\" data-element_type=\"container\" data-e-type=\"container\">\n\t\t\t\t\t<div class=\"e-con-inner\">\n\t\t\t\t<div class=\"elementor-element elementor-element-5ffb379 elementor-widget elementor-widget-spacer\" data-id=\"5ffb379\" data-element_type=\"widget\" data-e-type=\"widget\" data-widget_type=\"spacer.default\">\n\t\t\t\t<div class=\"elementor-widget-container\">\n\t\t\t\t\t\t\t<div class=\"elementor-spacer\">\n\t\t\t<div class=\"elementor-spacer-inner\"><\/div>\n\t\t<\/div>\n\t\t\t\t\t\t<\/div>\n\t\t\t\t<\/div>\n\t\t\t\t\t<\/div>\n\t\t\t\t<\/div>\n\t\t<div class=\"elementor-element elementor-element-3b4173e e-flex e-con-boxed e-con e-parent\" data-id=\"3b4173e\" data-element_type=\"container\" data-e-type=\"container\">\n\t\t\t\t\t<div class=\"e-con-inner\">\n\t\t\t\t<div class=\"elementor-element elementor-element-861356d elementor-widget elementor-widget-text-editor\" data-id=\"861356d\" data-element_type=\"widget\" data-e-type=\"widget\" data-widget_type=\"text-editor.default\">\n\t\t\t\t<div class=\"elementor-widget-container\">\n\t\t\t\t\t\t\t\t\t<p><strong>Here you can see several examples of works and projects<\/strong> that we carry out throughout Portugal. You can see an example that you want to see applied in your home or business, in Portugal or abroad!<\/p><p><a href=\"https:\/\/vassaloindustria.pt\/en\/contactos\/\">Contact Us<\/a> about our services where we can provide more personalized information about your needs.<\/p>\t\t\t\t\t\t\t\t<\/div>\n\t\t\t\t<\/div>\n\t\t\t\t\t<\/div>\n\t\t\t\t<\/div>\n\t\t<div class=\"elementor-element elementor-element-ca315d4 e-flex e-con-boxed e-con e-parent\" data-id=\"ca315d4\" data-element_type=\"container\" data-e-type=\"container\">\n\t\t\t\t\t<div class=\"e-con-inner\">\n\t\t\t\t<div class=\"elementor-element elementor-element-c49f694 tpg-wrapper-align-center section-title-style-default meta-visibility-show title_position_default title_hover_border_default title-default img_hover_animation_default meta_position_default readmore-btn-default-style grid-hover-overlay-type-always tpg-el-box-border-enable tpg-border-bottom-disable elementor-widget elementor-widget-tpg-grid-layout\" data-id=\"c49f694\" data-element_type=\"widget\" data-e-type=\"widget\" data-widget_type=\"tpg-grid-layout.default\">\n\t\t\t\t<div class=\"elementor-widget-container\">\n\t\t\t\t\t\t\t<div class=\"rt-container-fluid rt-tpg-container tpg-el-main-wrapper clearfix grid-layout3-main\"\n\t\t\t id=\"rt-tpg-container-594132594\"\n\t\t\t data-layout=\"grid-layout3\"\n\t\t\t data-grid-style=\"tpg-full-height\"\n\t\t\t data-sc-id=\"elementor\"\n\t\t\t data-el-settings=''\n\t\t\t data-el-query=''\n\t\t\t data-el-path=''\n\t\t>\n\t\t\t\t\t\t<div class='tpg-header-wrapper'>\n\t\t\t\t\n        <div class=\"tpg-widget-heading-wrapper rt-clear heading-default\">\n            <span class=\"tpg-widget-heading-line line-left\"><\/span>\n\t\t\t<h2 class='tpg-widget-heading'>\n\t\t\t\n\t\t\t\t<span class='prefix-text'><\/span>Highlights<span class='suffix-text'><\/span>\n\t\t\t\t\t\t\t<\/h2>            <span class=\"tpg-widget-heading-line line-right\"><\/span>\n\n\t\t\t\n        <\/div>\n\n\t\t\n\t\t\t\t\t<\/div>\n\n\t\t\t<div data-title=\"Loading ...\" class=\"rt-row rt-content-loader grid-layout3 grid-behaviour tpg-full-height grid_layout_wrapper\">\n\t\t\t\t\n<div class=\"rt-col-md-4 rt-col-sm-6 rt-col-xs-12 default rt-grid-item\" data-id=\"1177\">\n\t<div class=\"rt-holder tpg-post-holder\">\n\t\t<div class=\"rt-detail rt-el-content-wrapper\">\n\t\t\t\t\t\t\t<div class=\"rt-img-holder tpg-el-image-wrap has-thumbnail\">\n\t\t\t\t\t                        <img fetchpriority=\"high\" decoding=\"async\" src=\"https:\/\/vassaloindustria.pt\/wp_mag\/wp-content\/uploads\/2024\/09\/Plataforma-vertical-cadeira-de-rodas10-768x1024.jpg\"\n                             class=\"rt-img-responsive\"\n                             width=\"768\"\n                             height=\"1024\"\n                             alt=\"Plataforma vertical cadeira de rodas Vassalo Ind\u00fastria\">\n\t\t\t\t\t\t\n\t\t\t\t\t\t\t\n\t\t\n\t\t        <div class=\"overlay grid-hover-content\"><\/div>\n\t\t\t\t\t\t<\/div>\n\t\t\t\n\n\t\t\t<div class=\"entry-title-wrapper\"><h3 class=\"entry-title\">Up Stairs Platform<\/h3><\/div>\n\t\t\t\t\t\t\t<div class=\"post-meta-tags rt-el-post-meta\">\n\t\t\t\t\t\t\t\t\t<\/div>\n\t\t\t\n\t\t\t\t\t\t\t<div class=\"tpg-excerpt tpg-el-excerpt\">\n\t\t\t\t\t\t\t\t\t\t\t<div class=\"tpg-excerpt-inner\">\n\t\t\t\t\t\t\tThis Vassalo Ind\u00fastria project was applied in Santa Apol\u00f4nia, consisting of...\t\t\t\t\t\t<\/div>\n\t\t\t\t\t\t\t\t\t\t\t\t\t\t<\/div>\n\t\t\t\n\t\t\t        <div class=\"post-footer\">\n            <div class=\"post-footer\">\n                <div class=\"read-more\">\n\t\t\t\t\t<a data-id=\"1177\" href=\"https:\/\/vassaloindustria.pt\/en\/plataforma-sobe-escadas\/\" class=\"tpg-post-link\" target=\"_self\">See More...<\/a>                <\/div>\n            <\/div>\n        <\/div>\n\t\t\t\t<\/div>\n\t<\/div>\n<\/div>\n\n<div class=\"rt-col-md-4 rt-col-sm-6 rt-col-xs-12 default rt-grid-item\" data-id=\"1168\">\n\t<div class=\"rt-holder tpg-post-holder\">\n\t\t<div class=\"rt-detail rt-el-content-wrapper\">\n\t\t\t\t\t\t\t<div class=\"rt-img-holder tpg-el-image-wrap has-thumbnail\">\n\t\t\t\t\t                        <img decoding=\"async\" src=\"https:\/\/vassaloindustria.pt\/wp_mag\/wp-content\/uploads\/2024\/09\/Plataforma-sobe-escadas9-768x1024.jpg\"\n                             class=\"rt-img-responsive\"\n                             width=\"768\"\n                             height=\"1024\"\n                             alt=\"Plataforma sobe escadas Vassalo Ind\u00fastria\">\n\t\t\t\t\t\t\n\t\t\t\t\t\t\t\n\t\t\n\t\t        <div class=\"overlay grid-hover-content\"><\/div>\n\t\t\t\t\t\t<\/div>\n\t\t\t\n\n\t\t\t<div class=\"entry-title-wrapper\"><h3 class=\"entry-title\">Vertical Platform for Wheelchairs<\/h3><\/div>\n\t\t\t\t\t\t\t<div class=\"post-meta-tags rt-el-post-meta\">\n\t\t\t\t\t\t\t\t\t<\/div>\n\t\t\t\n\t\t\t\t\t\t\t<div class=\"tpg-excerpt tpg-el-excerpt\">\n\t\t\t\t\t\t\t\t\t\t\t<div class=\"tpg-excerpt-inner\">\n\t\t\t\t\t\t\tThis Vassalo Ind\u00fastria project was applied in Vale de Cambra, consisting of...\t\t\t\t\t\t<\/div>\n\t\t\t\t\t\t\t\t\t\t\t\t\t\t<\/div>\n\t\t\t\n\t\t\t        <div class=\"post-footer\">\n            <div class=\"post-footer\">\n                <div class=\"read-more\">\n\t\t\t\t\t<a data-id=\"1168\" href=\"https:\/\/vassaloindustria.pt\/en\/plataforma-vertical-para-cadeira-de-rodas\/\" class=\"tpg-post-link\" target=\"_self\">See More...<\/a>                <\/div>\n            <\/div>\n        <\/div>\n\t\t\t\t<\/div>\n\t<\/div>\n<\/div>\n\n<div class=\"rt-col-md-4 rt-col-sm-6 rt-col-xs-12 default rt-grid-item\" data-id=\"1159\">\n\t<div class=\"rt-holder tpg-post-holder\">\n\t\t<div class=\"rt-detail rt-el-content-wrapper\">\n\t\t\t\t\t\t\t<div class=\"rt-img-holder tpg-el-image-wrap has-thumbnail\">\n\t\t\t\t\t                        <img decoding=\"async\" src=\"https:\/\/vassaloindustria.pt\/wp_mag\/wp-content\/uploads\/2024\/09\/Monta-Cargas-fechamento7-768x1024.jpg\"\n                             class=\"rt-img-responsive\"\n                             width=\"768\"\n                             height=\"1024\"\n                             alt=\"Monta Cargas com fechamento Vassalo Ind\u00fastria\">\n\t\t\t\t\t\t\n\t\t\t\t\t\t\t\n\t\t\n\t\t        <div class=\"overlay grid-hover-content\"><\/div>\n\t\t\t\t\t\t<\/div>\n\t\t\t\n\n\t\t\t<div class=\"entry-title-wrapper\"><h3 class=\"entry-title\">Assemble Loads with Closure<\/h3><\/div>\n\t\t\t\t\t\t\t<div class=\"post-meta-tags rt-el-post-meta\">\n\t\t\t\t\t\t\t\t\t<\/div>\n\t\t\t\n\t\t\t\t\t\t\t<div class=\"tpg-excerpt tpg-el-excerpt\">\n\t\t\t\t\t\t\t\t\t\t\t<div class=\"tpg-excerpt-inner\">\n\t\t\t\t\t\t\tThis Vassalo Ind\u00fastria project was applied in Coimbra, consisting of a Mount...\t\t\t\t\t\t<\/div>\n\t\t\t\t\t\t\t\t\t\t\t\t\t\t<\/div>\n\t\t\t\n\t\t\t        <div class=\"post-footer\">\n            <div class=\"post-footer\">\n                <div class=\"read-more\">\n\t\t\t\t\t<a data-id=\"1159\" href=\"https:\/\/vassaloindustria.pt\/en\/monta-cargas-com-fechamento\/\" class=\"tpg-post-link\" target=\"_self\">See More...<\/a>                <\/div>\n            <\/div>\n        <\/div>\n\t\t\t\t<\/div>\n\t<\/div>\n<\/div>\n\n<div class=\"rt-col-md-4 rt-col-sm-6 rt-col-xs-12 default rt-grid-item\" data-id=\"1117\">\n\t<div class=\"rt-holder tpg-post-holder\">\n\t\t<div class=\"rt-detail rt-el-content-wrapper\">\n\t\t\t\t\t\t\t<div class=\"rt-img-holder tpg-el-image-wrap has-thumbnail\">\n\t\t\t\t\t                        <img loading=\"lazy\" decoding=\"async\" src=\"https:\/\/vassaloindustria.pt\/wp_mag\/wp-content\/uploads\/2024\/09\/Homelift5-768x1024.jpg\"\n                             class=\"rt-img-responsive\"\n                             width=\"768\"\n                             height=\"1024\"\n                             alt=\"Homelift Vassalo Ind\u00fastria\">\n\t\t\t\t\t\t\n\t\t\t\t\t\t\t\n\t\t\n\t\t        <div class=\"overlay grid-hover-content\"><\/div>\n\t\t\t\t\t\t<\/div>\n\t\t\t\n\n\t\t\t<div class=\"entry-title-wrapper\"><h3 class=\"entry-title\">Homelift<\/h3><\/div>\n\t\t\t\t\t\t\t<div class=\"post-meta-tags rt-el-post-meta\">\n\t\t\t\t\t\t\t\t\t<\/div>\n\t\t\t\n\t\t\t\t\t\t\t<div class=\"tpg-excerpt tpg-el-excerpt\">\n\t\t\t\t\t\t\t\t\t\t\t<div class=\"tpg-excerpt-inner\">\n\t\t\t\t\t\t\tThis Vassalo Ind\u00fastria project was applied in Porto, consisting of the application...\t\t\t\t\t\t<\/div>\n\t\t\t\t\t\t\t\t\t\t\t\t\t\t<\/div>\n\t\t\t\n\t\t\t        <div class=\"post-footer\">\n            <div class=\"post-footer\">\n                <div class=\"read-more\">\n\t\t\t\t\t<a data-id=\"1117\" href=\"https:\/\/vassaloindustria.pt\/en\/homelift\/\" class=\"tpg-post-link\" target=\"_self\">See More...<\/a>                <\/div>\n            <\/div>\n        <\/div>\n\t\t\t\t<\/div>\n\t<\/div>\n<\/div>\n\n<div class=\"rt-col-md-4 rt-col-sm-6 rt-col-xs-12 default rt-grid-item\" data-id=\"1067\">\n\t<div class=\"rt-holder tpg-post-holder\">\n\t\t<div class=\"rt-detail rt-el-content-wrapper\">\n\t\t\t\t\t\t\t<div class=\"rt-img-holder tpg-el-image-wrap has-thumbnail\">\n\t\t\t\t\t                        <img loading=\"lazy\" decoding=\"async\" src=\"https:\/\/vassaloindustria.pt\/wp_mag\/wp-content\/uploads\/2024\/09\/Monta-prantos-estrutura1-768x1024.jpg\"\n                             class=\"rt-img-responsive\"\n                             width=\"768\"\n                             height=\"1024\"\n                             alt=\"Monta pratos estrutura Vassalo Ind\u00fastria\">\n\t\t\t\t\t\t\n\t\t\t\t\t\t\t\n\t\t\n\t\t        <div class=\"overlay grid-hover-content\"><\/div>\n\t\t\t\t\t\t<\/div>\n\t\t\t\n\n\t\t\t<div class=\"entry-title-wrapper\"><h3 class=\"entry-title\">Assembles Dishes with Structure<\/h3><\/div>\n\t\t\t\t\t\t\t<div class=\"post-meta-tags rt-el-post-meta\">\n\t\t\t\t\t\t\t\t\t<\/div>\n\t\t\t\n\t\t\t\t\t\t\t<div class=\"tpg-excerpt tpg-el-excerpt\">\n\t\t\t\t\t\t\t\t\t\t\t<div class=\"tpg-excerpt-inner\">\n\t\t\t\t\t\t\tPlate Mount Structure applied to metal structure in Melga\u00e7o Melga\u00e7o...\t\t\t\t\t\t<\/div>\n\t\t\t\t\t\t\t\t\t\t\t\t\t\t<\/div>\n\t\t\t\n\t\t\t        <div class=\"post-footer\">\n            <div class=\"post-footer\">\n                <div class=\"read-more\">\n\t\t\t\t\t<a data-id=\"1067\" href=\"https:\/\/vassaloindustria.pt\/en\/monta-pratos-com-estrutura\/\" class=\"tpg-post-link\" target=\"_self\">See More...<\/a>                <\/div>\n            <\/div>\n        <\/div>\n\t\t\t\t<\/div>\n\t<\/div>\n<\/div>\n\n<div class=\"rt-col-md-4 rt-col-sm-6 rt-col-xs-12 default rt-grid-item\" data-id=\"1077\">\n\t<div class=\"rt-holder tpg-post-holder\">\n\t\t<div class=\"rt-detail rt-el-content-wrapper\">\n\t\t\t\t\t\t\t<div class=\"rt-img-holder tpg-el-image-wrap has-thumbnail\">\n\t\t\t\t\t                        <img loading=\"lazy\" decoding=\"async\" src=\"https:\/\/vassaloindustria.pt\/wp_mag\/wp-content\/uploads\/2024\/09\/Mesa-tesoura2-768x1024.jpg\"\n                             class=\"rt-img-responsive\"\n                             width=\"768\"\n                             height=\"1024\"\n                             alt=\"Mesa tesoura Vassalo Ind\u00fastria\">\n\t\t\t\t\t\t\n\t\t\t\t\t\t\t\n\t\t\n\t\t        <div class=\"overlay grid-hover-content\"><\/div>\n\t\t\t\t\t\t<\/div>\n\t\t\t\n\n\t\t\t<div class=\"entry-title-wrapper\"><h3 class=\"entry-title\">Scissor Table<\/h3><\/div>\n\t\t\t\t\t\t\t<div class=\"post-meta-tags rt-el-post-meta\">\n\t\t\t\t\t\t\t\t\t<\/div>\n\t\t\t\n\t\t\t\t\t\t\t<div class=\"tpg-excerpt tpg-el-excerpt\">\n\t\t\t\t\t\t\t\t\t\t\t<div class=\"tpg-excerpt-inner\">\n\t\t\t\t\t\t\tThis Vassalo Ind\u00fastria project was implemented in Porto, consisting of the installation...\t\t\t\t\t\t<\/div>\n\t\t\t\t\t\t\t\t\t\t\t\t\t\t<\/div>\n\t\t\t\n\t\t\t        <div class=\"post-footer\">\n            <div class=\"post-footer\">\n                <div class=\"read-more\">\n\t\t\t\t\t<a data-id=\"1077\" href=\"https:\/\/vassaloindustria.pt\/en\/mesa-tesoura\/\" class=\"tpg-post-link\" target=\"_self\">See More...<\/a>                <\/div>\n            <\/div>\n        <\/div>\n\t\t\t\t<\/div>\n\t<\/div>\n<\/div>\n\n<div class=\"rt-col-md-4 rt-col-sm-6 rt-col-xs-12 default rt-grid-item\" data-id=\"1090\">\n\t<div class=\"rt-holder tpg-post-holder\">\n\t\t<div class=\"rt-detail rt-el-content-wrapper\">\n\t\t\t\t\t\t\t<div class=\"rt-img-holder tpg-el-image-wrap has-thumbnail\">\n\t\t\t\t\t                        <img loading=\"lazy\" decoding=\"async\" src=\"https:\/\/vassaloindustria.pt\/wp_mag\/wp-content\/uploads\/2024\/09\/Monta-cargas-dupla-coluna4-768x576.jpg\"\n                             class=\"rt-img-responsive\"\n                             width=\"768\"\n                             height=\"576\"\n                             alt=\"Monta cargas dupla coluna Vassalo Ind\u00fastria\">\n\t\t\t\t\t\t\n\t\t\t\t\t\t\t\n\t\t\n\t\t        <div class=\"overlay grid-hover-content\"><\/div>\n\t\t\t\t\t\t<\/div>\n\t\t\t\n\n\t\t\t<div class=\"entry-title-wrapper\"><h3 class=\"entry-title\">Monta Cargas ( dupla coluna)<\/h3><\/div>\n\t\t\t\t\t\t\t<div class=\"post-meta-tags rt-el-post-meta\">\n\t\t\t\t\t\t\t\t\t<\/div>\n\t\t\t\n\t\t\t\t\t\t\t<div class=\"tpg-excerpt tpg-el-excerpt\">\n\t\t\t\t\t\t\t\t\t\t\t<div class=\"tpg-excerpt-inner\">\n\t\t\t\t\t\t\tThis Vassalo Ind\u00fastria project was applied in Lourinh\u00e3, consisting of a Mount...\t\t\t\t\t\t<\/div>\n\t\t\t\t\t\t\t\t\t\t\t\t\t\t<\/div>\n\t\t\t\n\t\t\t        <div class=\"post-footer\">\n            <div class=\"post-footer\">\n                <div class=\"read-more\">\n\t\t\t\t\t<a data-id=\"1090\" href=\"https:\/\/vassaloindustria.pt\/en\/monta-cargas-dupla-coluna\/\" class=\"tpg-post-link\" target=\"_self\">See More...<\/a>                <\/div>\n            <\/div>\n        <\/div>\n\t\t\t\t<\/div>\n\t<\/div>\n<\/div>\n\t\t\t<\/div>\n\t\t\t\n\t\t<\/div>\n\t\t\t\t\t\t<\/div>\n\t\t\t\t<\/div>\n\t\t\t\t\t<\/div>\n\t\t\t\t<\/div>\n\t\t\t\t<\/div>","protected":false},"excerpt":{"rendered":"<p>Aqui poder\u00e1 ver v\u00e1rios exemplos de obras e projetos que efetuamos em todo o Portugal. Poder\u00e1 ver algum exemplo que queira ver aplicado em sua casa ou empresa, em Portugal&hellip;<\/p>","protected":false},"author":1,"featured_media":0,"parent":0,"menu_order":7,"comment_status":"closed","ping_status":"closed","template":"","meta":{"footnotes":""},"class_list":["post-263","page","type-page","status-publish","hentry"],"aioseo_notices":[],"rttpg_featured_image_url":null,"rttpg_author":{"display_name":"paulo quintino","author_link":"https:\/\/vassaloindustria.pt\/en\/author\/paulo-quintino\/"},"rttpg_comment":0,"rttpg_category":"","rttpg_excerpt":"Aqui poder\u00e1 ver v\u00e1rios exemplos de obras e projetos que efetuamos em todo o Portugal. Poder\u00e1 ver algum exemplo que queira ver aplicado em sua casa ou empresa, em Portugal&hellip;","_links":{"self":[{"href":"https:\/\/vassaloindustria.pt\/en\/wp-json\/wp\/v2\/pages\/263","targetHints":{"allow":["GET"]}}],"collection":[{"href":"https:\/\/vassaloindustria.pt\/en\/wp-json\/wp\/v2\/pages"}],"about":[{"href":"https:\/\/vassaloindustria.pt\/en\/wp-json\/wp\/v2\/types\/page"}],"author":[{"embeddable":true,"href":"https:\/\/vassaloindustria.pt\/en\/wp-json\/wp\/v2\/users\/1"}],"replies":[{"embeddable":true,"href":"https:\/\/vassaloindustria.pt\/en\/wp-json\/wp\/v2\/comments?post=263"}],"version-history":[{"count":59,"href":"https:\/\/vassaloindustria.pt\/en\/wp-json\/wp\/v2\/pages\/263\/revisions"}],"predecessor-version":[{"id":1354,"href":"https:\/\/vassaloindustria.pt\/en\/wp-json\/wp\/v2\/pages\/263\/revisions\/1354"}],"wp:attachment":[{"href":"https:\/\/vassaloindustria.pt\/en\/wp-json\/wp\/v2\/media?parent=263"}],"curies":[{"name":"wp","href":"https:\/\/api.w.org\/{rel}","templated":true}]}}